{"id":57387,"date":"2024-03-04T16:46:20","date_gmt":"2024-03-04T15:46:20","guid":{"rendered":"https:\/\/klimapingu.ch\/?post_type=product&#038;p=57387"},"modified":"2024-03-08T15:12:43","modified_gmt":"2024-03-08T14:12:43","slug":"gree-gpc-12-al","status":"publish","type":"product","link":"https:\/\/klimapingu.ch\/fr\/product\/gree-gpc-12-al\/","title":{"rendered":"Gree GPC"},"content":{"rendered":"<div data-elementor-type=\"wp-post\" data-elementor-id=\"57387\" class=\"elementor elementor-57387\">\n\t\t\t\t\t\t\t\t\t<section class=\"elementor-section elementor-top-section elementor-element elementor-element-41d30fcc elementor-section-boxed elementor-section-height-default elementor-section-height-default\" data-id=\"41d30fcc\" data-element_type=\"section\">\n\t\t\t\t\t\t<div class=\"elementor-container elementor-column-gap-default\">\n\t\t\t\t\t<div class=\"elementor-column elementor-col-100 elementor-top-column elementor-element elementor-element-10cdb891\" data-id=\"10cdb891\" data-element_type=\"column\">\n\t\t\t<div class=\"elementor-widget-wrap elementor-element-populated\">\n\t\t\t\t\t\t\t\t<section class=\"elementor-section elementor-inner-section elementor-element elementor-element-67182fee elementor-section-boxed elementor-section-height-default elementor-section-height-default\" data-id=\"67182fee\" data-element_type=\"section\">\n\t\t\t\t\t\t<div class=\"elementor-container elementor-column-gap-default\">\n\t\t\t\t\t<div class=\"elementor-column elementor-col-50 elementor-inner-column elementor-element elementor-element-5e9d6a82\" data-id=\"5e9d6a82\" data-element_type=\"column\">\n\t\t\t<div class=\"elementor-widget-wrap elementor-element-populated\">\n\t\t\t\t\t\t\t\t<div class=\"elementor-element elementor-element-40ff6e7d elementor-widget elementor-widget-heading\" data-id=\"40ff6e7d\" data-element_type=\"widget\" data-widget_type=\"heading.default\">\n\t\t\t\t<div class=\"elementor-widget-container\">\n\t\t\t<style>\/*! elementor - v3.6.5 - 27-04-2022 *\/\n.elementor-heading-title{padding:0;margin:0;line-height:1}.elementor-widget-heading .elementor-heading-title[class*=elementor-size-]>a{color:inherit;font-size:inherit;line-height:inherit}.elementor-widget-heading .elementor-heading-title.elementor-size-small{font-size:15px}.elementor-widget-heading .elementor-heading-title.elementor-size-medium{font-size:19px}.elementor-widget-heading .elementor-heading-title.elementor-size-large{font-size:29px}.elementor-widget-heading .elementor-heading-title.elementor-size-xl{font-size:39px}.elementor-widget-heading .elementor-heading-title.elementor-size-xxl{font-size:59px}<\/style><h4 class=\"elementor-heading-title elementor-size-default\">Caract\u00e9ristiques<\/h4>\t\t<\/div>\n\t\t\t\t<\/div>\n\t\t\t\t<div class=\"elementor-element elementor-element-4b129208 elementor-widget elementor-widget-text-editor\" data-id=\"4b129208\" data-element_type=\"widget\" data-widget_type=\"text-editor.default\">\n\t\t\t\t<div class=\"elementor-widget-container\">\n\t\t\t<style>\/*! elementor - v3.6.5 - 27-04-2022 *\/\n.elementor-widget-text-editor.elementor-drop-cap-view-stacked .elementor-drop-cap{background-color:#818a91;color:#fff}.elementor-widget-text-editor.elementor-drop-cap-view-framed .elementor-drop-cap{color:#818a91;border:3px solid;background-color:transparent}.elementor-widget-text-editor:not(.elementor-drop-cap-view-default) .elementor-drop-cap{margin-top:8px}.elementor-widget-text-editor:not(.elementor-drop-cap-view-default) .elementor-drop-cap-letter{width:1em;height:1em}.elementor-widget-text-editor .elementor-drop-cap{float:left;text-align:center;line-height:1;font-size:50px}.elementor-widget-text-editor .elementor-drop-cap-letter{display:inline-block}<\/style>\t\t\t\t<p>L'air aspir\u00e9 est filtr\u00e9, refroidi et d\u00e9shumidifi\u00e9 avant d'\u00eatre r\u00e9introduit dans la pi\u00e8ce.<\/p><p>L'appareil est \u00e9quip\u00e9 d'un ventilateur \u00e0 plusieurs vitesses pour un fonctionnement silencieux. Le r\u00e9glage est enti\u00e8rement automatique gr\u00e2ce \u00e0 un microprocesseur et un clavier directement sur l'appareil ou via la t\u00e9l\u00e9commande infrarouge fournie.<\/p><p>La chaleur exc\u00e9dentaire est \u00e9vacu\u00e9e vers l'ext\u00e9rieur par un tuyau d'\u00e9vacuation flexible. Un passage mural pour le tuyau d'\u00e9vacuation est disponible en tant qu'accessoire.<\/p>\t\t\t\t\t\t<\/div>\n\t\t\t\t<\/div>\n\t\t\t\t\t<\/div>\n\t\t<\/div>\n\t\t\t\t<div class=\"elementor-column elementor-col-50 elementor-inner-column elementor-element elementor-element-3489cf75\" data-id=\"3489cf75\" data-element_type=\"column\">\n\t\t\t<div class=\"elementor-widget-wrap elementor-element-populated\">\n\t\t\t\t\t\t\t\t<div class=\"elementor-element elementor-element-51b9808a elementor-widget elementor-widget-heading\" data-id=\"51b9808a\" data-element_type=\"widget\" data-widget_type=\"heading.default\">\n\t\t\t\t<div class=\"elementor-widget-container\">\n\t\t\t<h4 class=\"elementor-heading-title elementor-size-default\">Sp\u00e9cification<\/h4>\t\t<\/div>\n\t\t\t\t<\/div>\n\t\t\t\t<div class=\"elementor-element elementor-element-523c376 elementor-widget elementor-widget-text-editor\" data-id=\"523c376\" data-element_type=\"widget\" data-widget_type=\"text-editor.default\">\n\t\t\t\t<div class=\"elementor-widget-container\">\n\t\t\t\t\t\t\t<table class=\"sheet align-center\" style=\"width: 84.3683%;\" width=\"80%\" cellspacing=\"0\" cellpadding=\"4\">\n<tbody>\n<tr class=\"attribute\">\n<td class=\"name\" style=\"width: 37.2948%;\" width=\"50%\">Puissance frigorifique<\/td>\n<td class=\"value\" style=\"width: 24.2148%;\" width=\"25%\">3,5 kW<\/td>\n<\/tr>\n<tr class=\"attribute\">\n<td class=\"name\" style=\"width: 37.2948%;\" width=\"50%\">Classe \u00e9nerg\u00e9tique (r\u00e9frig\u00e9ration)<\/td>\n<td class=\"value\" style=\"width: 24.2148%;\" width=\"25%\">A<\/td>\n<\/tr>\n<tr class=\"attribute\">\n<td class=\"name\" style=\"width: 37.2948%;\" width=\"50%\">Consommation d'\u00e9nergie (refroidissement)<\/td>\n<td class=\"value\" style=\"width: 24.2148%;\" width=\"25%\">1,345 kWh<\/td>\n<\/tr>\n<tr class=\"attribute\">\n<td class=\"name\" style=\"width: 37.2948%;\" width=\"50%\">Courant absorb\u00e9<\/td>\n<td class=\"value\" style=\"width: 24.2148%;\" width=\"25%\">5,8 A<\/td>\n<\/tr>\n<tr class=\"attribute\">\n<td class=\"name\" style=\"width: 37.2948%;\" width=\"50%\">Domaine d'utilisation<\/td>\n<td class=\"value\" style=\"width: 24.2148%;\" width=\"25%\">\u00a016-30 \u00b0C<\/td>\n<\/tr>\n<tr class=\"attribute\">\n<td class=\"name\" style=\"width: 37.2948%;\" width=\"50%\">D\u00e9bit d'air<\/td>\n<td class=\"value\" style=\"width: 24.2148%;\" width=\"25%\">300 \u2013 360 m\u00b3\/h<\/td>\n<\/tr>\n<tr class=\"attribute\">\n<td class=\"name\" style=\"width: 37.2948%;\" width=\"50%\">Ventilateur<\/td>\n<td class=\"value\" style=\"width: 24.2148%;\" width=\"25%\">3 niveaux<\/td>\n<\/tr>\n<tr class=\"attribute\">\n<td class=\"name\" style=\"width: 37.2948%;\" width=\"50%\">Niveau sonore<\/td>\n<td class=\"value\" style=\"width: 24.2148%;\" width=\"25%\">49 \u2013 53 dB (A)<\/td>\n<\/tr>\n<tr class=\"attribute\">\n<td class=\"name\" style=\"width: 37.2948%;\" width=\"50%\">Alimentation en \u00e9nergie<\/td>\n<td class=\"value\" style=\"width: 24.2148%;\" width=\"25%\">230\/1\/50 V \/ Ph \/ Hz<\/td>\n<\/tr>\n<tr class=\"attribute\">\n<td class=\"name\" style=\"width: 37.2948%;\" width=\"50%\">R\u00e9frig\u00e9rant<\/td>\n<td class=\"value\" style=\"width: 24.2148%;\" width=\"25%\">R290<\/td>\n<\/tr>\n<tr class=\"attribute\">\n<td class=\"name\" style=\"width: 37.2948%;\" width=\"50%\">R\u00e9frig\u00e9rant GWP<\/td>\n<td class=\"value\" style=\"width: 24.2148%;\" width=\"25%\">3 KG CO2 EQ.<\/td>\n<\/tr>\n<tr class=\"attribute\">\n<td class=\"name\" style=\"width: 37.2948%;\" width=\"50%\">Max. D\u00e9shumidification<\/td>\n<td class=\"value\" style=\"width: 24.2148%;\" width=\"25%\">1,8 l \/ h<\/td>\n<\/tr>\n<tr class=\"attribute\">\n<td class=\"name\" style=\"width: 37.2948%;\" width=\"50%\">Hauteur<\/td>\n<td class=\"value\" style=\"width: 24.2148%;\" width=\"25%\">820 mm<\/td>\n<\/tr>\n<tr class=\"attribute\">\n<td class=\"name\" style=\"width: 37.2948%;\" width=\"50%\">Largeur<\/td>\n<td class=\"value\" style=\"width: 24.2148%;\" width=\"25%\">390 mm<\/td>\n<\/tr>\n<tr class=\"attribute\">\n<td class=\"name\" style=\"width: 37.2948%;\" width=\"50%\">Profondeur<\/td>\n<td class=\"value\" style=\"width: 24.2148%;\" width=\"25%\">405 mm<\/td>\n<\/tr>\n<tr class=\"attribute\">\n<td class=\"name\" style=\"width: 37.2948%;\" width=\"50%\">Poids<\/td>\n<td class=\"value\" style=\"width: 24.2148%;\" width=\"25%\">35 kg<\/td>\n<\/tr>\n<\/tbody>\n<\/table>\t\t\t\t\t\t<\/div>\n\t\t\t\t<\/div>\n\t\t\t\t\t<\/div>\n\t\t<\/div>\n\t\t\t\t\t\t\t<\/div>\n\t\t<\/section>\n\t\t\t\t\t<\/div>\n\t\t<\/div>\n\t\t\t\t\t\t\t<\/div>\n\t\t<\/section>\n\t\t\t\t\t\t\t<\/div>","protected":false},"excerpt":{"rendered":"<p>Gree GPC est un appareil de refroidissement mobile sur roulettes et offre une puissance de refroidissement de 3,5 kW. Avec cet appareil, tu peux non seulement refroidir, mais aussi a\u00e9rer, d\u00e9shumidifier.<\/p>\n<ul>\n<li>Filtres \u00e0 poussi\u00e8re lavables<\/li>\n<li>3 vitesses de ventilation<\/li>\n<li>T\u00e9l\u00e9commande infrarouge avec minuterie 24h<\/li>\n<\/ul>","protected":false},"featured_media":57388,"comment_status":"open","ping_status":"closed","template":"","meta":{"_acf_changed":false},"product_cat":[71],"product_tag":[],"class_list":{"0":"post-57387","1":"product","2":"type-product","3":"status-publish","4":"has-post-thumbnail","6":"product_brand-gree","7":"product_cat-mobile-klimageraete","8":"product_shipping_class-versandkosten","11":"first","12":"instock","13":"taxable","14":"shipping-taxable","15":"purchasable","16":"product-type-simple"},"acf":[],"_links":{"self":[{"href":"https:\/\/klimapingu.ch\/fr\/wp-json\/wp\/v2\/product\/57387","targetHints":{"allow":["GET"]}}],"collection":[{"href":"https:\/\/klimapingu.ch\/fr\/wp-json\/wp\/v2\/product"}],"about":[{"href":"https:\/\/klimapingu.ch\/fr\/wp-json\/wp\/v2\/types\/product"}],"replies":[{"embeddable":true,"href":"https:\/\/klimapingu.ch\/fr\/wp-json\/wp\/v2\/comments?post=57387"}],"version-history":[{"count":6,"href":"https:\/\/klimapingu.ch\/fr\/wp-json\/wp\/v2\/product\/57387\/revisions"}],"predecessor-version":[{"id":57472,"href":"https:\/\/klimapingu.ch\/fr\/wp-json\/wp\/v2\/product\/57387\/revisions\/57472"}],"wp:featuredmedia":[{"embeddable":true,"href":"https:\/\/klimapingu.ch\/fr\/wp-json\/wp\/v2\/media\/57388"}],"wp:attachment":[{"href":"https:\/\/klimapingu.ch\/fr\/wp-json\/wp\/v2\/media?parent=57387"}],"wp:term":[{"taxonomy":"product_cat","embeddable":true,"href":"https:\/\/klimapingu.ch\/fr\/wp-json\/wp\/v2\/product_cat?post=57387"},{"taxonomy":"product_tag","embeddable":true,"href":"https:\/\/klimapingu.ch\/fr\/wp-json\/wp\/v2\/product_tag?post=57387"}],"curies":[{"name":"wp","href":"https:\/\/api.w.org\/{rel}","templated":true}]}}