{"id":53038,"date":"2022-06-01T12:20:31","date_gmt":"2022-06-01T10:20:31","guid":{"rendered":"https:\/\/klimapingu.ch\/?post_type=product&#038;p=53038"},"modified":"2026-03-30T10:52:50","modified_gmt":"2026-03-30T08:52:50","slug":"4-x-bora-2-7-kw-basic","status":"publish","type":"product","link":"https:\/\/klimapingu.ch\/fr\/product\/4-x-bora-2-7-kw-basic\/","title":{"rendered":"4 x Bora 2.7 KW &#8220;Basic&#8221;"},"content":{"rendered":"<div data-elementor-type=\"wp-post\" data-elementor-id=\"53038\" class=\"elementor elementor-53038\">\n\t\t\t\t\t\t\t\t\t<section class=\"elementor-section elementor-top-section elementor-element elementor-element-419e7ad3 elementor-section-boxed elementor-section-height-default elementor-section-height-default\" data-id=\"419e7ad3\" data-element_type=\"section\">\n\t\t\t\t\t\t<div class=\"elementor-container elementor-column-gap-default\">\n\t\t\t\t\t<div class=\"elementor-column elementor-col-100 elementor-top-column elementor-element elementor-element-70ba901f\" data-id=\"70ba901f\" data-element_type=\"column\">\n\t\t\t<div class=\"elementor-widget-wrap elementor-element-populated\">\n\t\t\t\t\t\t\t\t<section class=\"elementor-section elementor-inner-section elementor-element elementor-element-10d7eaf2 elementor-section-boxed elementor-section-height-default elementor-section-height-default\" data-id=\"10d7eaf2\" data-element_type=\"section\">\n\t\t\t\t\t\t<div class=\"elementor-container elementor-column-gap-default\">\n\t\t\t\t\t<div class=\"elementor-column elementor-col-33 elementor-inner-column elementor-element elementor-element-4a2d3f2e\" data-id=\"4a2d3f2e\" data-element_type=\"column\">\n\t\t\t<div class=\"elementor-widget-wrap elementor-element-populated\">\n\t\t\t\t\t\t\t\t<div class=\"elementor-element elementor-element-4c9266b elementor-widget elementor-widget-text-editor\" data-id=\"4c9266b\" data-element_type=\"widget\" data-widget_type=\"text-editor.default\">\n\t\t\t\t<div class=\"elementor-widget-container\">\n\t\t\t<style>\/*! elementor - v3.6.5 - 27-04-2022 *\/\n.elementor-widget-text-editor.elementor-drop-cap-view-stacked .elementor-drop-cap{background-color:#818a91;color:#fff}.elementor-widget-text-editor.elementor-drop-cap-view-framed .elementor-drop-cap{color:#818a91;border:3px solid;background-color:transparent}.elementor-widget-text-editor:not(.elementor-drop-cap-view-default) .elementor-drop-cap{margin-top:8px}.elementor-widget-text-editor:not(.elementor-drop-cap-view-default) .elementor-drop-cap-letter{width:1em;height:1em}.elementor-widget-text-editor .elementor-drop-cap{float:left;text-align:center;line-height:1;font-size:50px}.elementor-widget-text-editor .elementor-drop-cap-letter{display:inline-block}<\/style>\t\t\t\t<p><strong>Montage inclus<br \/><\/strong>Nos monteurs frigoristes installent le climatiseur directement chez toi. (carottage exclu)<strong><br \/><\/strong><\/p><p><strong>\u00a0<\/strong><\/p>\t\t\t\t\t\t<\/div>\n\t\t\t\t<\/div>\n\t\t\t\t\t<\/div>\n\t\t<\/div>\n\t\t\t\t<div class=\"elementor-column elementor-col-33 elementor-inner-column elementor-element elementor-element-1a144047\" data-id=\"1a144047\" data-element_type=\"column\">\n\t\t\t<div class=\"elementor-widget-wrap elementor-element-populated\">\n\t\t\t\t\t\t\t\t<div class=\"elementor-element elementor-element-f82cd5a elementor-widget elementor-widget-text-editor\" data-id=\"f82cd5a\" data-element_type=\"widget\" data-widget_type=\"text-editor.default\">\n\t\t\t\t<div class=\"elementor-widget-container\">\n\t\t\t\t\t\t\t<p><strong>10 ans de garantie<br \/><\/strong>Nous savons ce dont nos appareils sont capables - c'est pourquoi nous appliquons une garantie de 10 ans avec contrat de service.<strong><br \/><\/strong><\/p>\t\t\t\t\t\t<\/div>\n\t\t\t\t<\/div>\n\t\t\t\t\t<\/div>\n\t\t<\/div>\n\t\t\t\t<div class=\"elementor-column elementor-col-33 elementor-inner-column elementor-element elementor-element-2af832c9\" data-id=\"2af832c9\" data-element_type=\"column\">\n\t\t\t<div class=\"elementor-widget-wrap elementor-element-populated\">\n\t\t\t\t\t\t\t\t<div class=\"elementor-element elementor-element-30c840a2 elementor-widget elementor-widget-text-editor\" data-id=\"30c840a2\" data-element_type=\"widget\" data-widget_type=\"text-editor.default\">\n\t\t\t\t<div class=\"elementor-widget-container\">\n\t\t\t\t\t\t\t<p><strong>Consommables inclus<br><\/strong>Les consommables &amp; 40m de c\u00e2ble sont inclus et cela suffit g\u00e9n\u00e9ralement pour le montage.<\/p>\t\t\t\t\t\t<\/div>\n\t\t\t\t<\/div>\n\t\t\t\t\t<\/div>\n\t\t<\/div>\n\t\t\t\t\t\t\t<\/div>\n\t\t<\/section>\n\t\t\t\t<div class=\"elementor-element elementor-element-3bae0f1 elementor-widget-divider--view-line elementor-widget elementor-widget-divider\" data-id=\"3bae0f1\" data-element_type=\"widget\" data-widget_type=\"divider.default\">\n\t\t\t\t<div class=\"elementor-widget-container\">\n\t\t\t<style>\/*! elementor - v3.6.5 - 27-04-2022 *\/\n.elementor-widget-divider{--divider-border-style:none;--divider-border-width:1px;--divider-color:#2c2c2c;--divider-icon-size:20px;--divider-element-spacing:10px;--divider-pattern-height:24px;--divider-pattern-size:20px;--divider-pattern-url:none;--divider-pattern-repeat:repeat-x}.elementor-widget-divider .elementor-divider{display:-webkit-box;display:-ms-flexbox;display:flex}.elementor-widget-divider .elementor-divider__text{font-size:15px;line-height:1;max-width:95%}.elementor-widget-divider .elementor-divider__element{margin:0 var(--divider-element-spacing);-ms-flex-negative:0;flex-shrink:0}.elementor-widget-divider .elementor-icon{font-size:var(--divider-icon-size)}.elementor-widget-divider .elementor-divider-separator{display:-webkit-box;display:-ms-flexbox;display:flex;margin:0;direction:ltr}.elementor-widget-divider--view-line_icon .elementor-divider-separator,.elementor-widget-divider--view-line_text .elementor-divider-separator{-webkit-box-align:center;-ms-flex-align:center;align-items:center}.elementor-widget-divider--view-line_icon .elementor-divider-separator:after,.elementor-widget-divider--view-line_icon .elementor-divider-separator:before,.elementor-widget-divider--view-line_text .elementor-divider-separator:after,.elementor-widget-divider--view-line_text .elementor-divider-separator:before{display:block;content:\"\";border-bottom:0;-webkit-box-flex:1;-ms-flex-positive:1;flex-grow:1;border-top:var(--divider-border-width) var(--divider-border-style) var(--divider-color)}.elementor-widget-divider--element-align-left .elementor-divider .elementor-divider-separator>.elementor-divider__svg:first-of-type{-webkit-box-flex:0;-ms-flex-positive:0;flex-grow:0;-ms-flex-negative:100;flex-shrink:100}.elementor-widget-divider--element-align-left .elementor-divider-separator:before{content:none}.elementor-widget-divider--element-align-left .elementor-divider__element{margin-left:0}.elementor-widget-divider--element-align-right .elementor-divider .elementor-divider-separator>.elementor-divider__svg:last-of-type{-webkit-box-flex:0;-ms-flex-positive:0;flex-grow:0;-ms-flex-negative:100;flex-shrink:100}.elementor-widget-divider--element-align-right .elementor-divider-separator:after{content:none}.elementor-widget-divider--element-align-right .elementor-divider__element{margin-right:0}.elementor-widget-divider:not(.elementor-widget-divider--view-line_text):not(.elementor-widget-divider--view-line_icon) .elementor-divider-separator{border-top:var(--divider-border-width) var(--divider-border-style) var(--divider-color)}.elementor-widget-divider--separator-type-pattern{--divider-border-style:none}.elementor-widget-divider--separator-type-pattern.elementor-widget-divider--view-line .elementor-divider-separator,.elementor-widget-divider--separator-type-pattern:not(.elementor-widget-divider--view-line) .elementor-divider-separator:after,.elementor-widget-divider--separator-type-pattern:not(.elementor-widget-divider--view-line) .elementor-divider-separator:before,.elementor-widget-divider--separator-type-pattern:not([class*=elementor-widget-divider--view]) .elementor-divider-separator{width:100%;min-height:var(--divider-pattern-height);-webkit-mask-size:var(--divider-pattern-size) 100%;mask-size:var(--divider-pattern-size) 100%;-webkit-mask-repeat:var(--divider-pattern-repeat);mask-repeat:var(--divider-pattern-repeat);background-color:var(--divider-color);-webkit-mask-image:var(--divider-pattern-url);mask-image:var(--divider-pattern-url)}.elementor-widget-divider--no-spacing{--divider-pattern-size:auto}.elementor-widget-divider--bg-round{--divider-pattern-repeat:round}.rtl .elementor-widget-divider .elementor-divider__text{direction:rtl}<\/style>\t\t<div class=\"elementor-divider\">\n\t\t\t<span class=\"elementor-divider-separator\">\n\t\t\t\t\t\t<\/span>\n\t\t<\/div>\n\t\t\t\t<\/div>\n\t\t\t\t<\/div>\n\t\t\t\t<section class=\"elementor-section elementor-inner-section elementor-element elementor-element-55afe55f elementor-section-boxed elementor-section-height-default elementor-section-height-default\" data-id=\"55afe55f\" data-element_type=\"section\">\n\t\t\t\t\t\t<div class=\"elementor-container elementor-column-gap-wider\">\n\t\t\t\t\t<div class=\"elementor-column elementor-col-50 elementor-inner-column elementor-element elementor-element-5e2ad3f\" data-id=\"5e2ad3f\" data-element_type=\"column\">\n\t\t\t<div class=\"elementor-widget-wrap elementor-element-populated\">\n\t\t\t\t\t\t\t\t<div class=\"elementor-element elementor-element-25f78e41 elementor-widget elementor-widget-text-editor\" data-id=\"25f78e41\" data-element_type=\"widget\" data-widget_type=\"text-editor.default\">\n\t\t\t\t<div class=\"elementor-widget-container\">\n\t\t\t\t\t\t\t<p>Le Gree Bora est un appareil mural \u00e0 d\u00e9tente directe dot\u00e9 d'une technologie Inverter haut de gamme. Avec son blanc sobre, il s'int\u00e8gre dans n'importe quelle pi\u00e8ce. En mode veille, il ne consomme que 0,5 watt d'\u00e9lectricit\u00e9. Avec la <strong>Technologie WiFi<\/strong> tu peux facilement contr\u00f4ler et r\u00e9gler l'appareil avec ton appareil mobile. Le site <strong>Filtre au charbon actif<\/strong> assure une propret\u00e9<\/p>\t\t\t\t\t\t<\/div>\n\t\t\t\t<\/div>\n\t\t\t\t\t<\/div>\n\t\t<\/div>\n\t\t\t\t<div class=\"elementor-column elementor-col-50 elementor-inner-column elementor-element elementor-element-f6260d1\" data-id=\"f6260d1\" data-element_type=\"column\">\n\t\t\t<div class=\"elementor-widget-wrap elementor-element-populated\">\n\t\t\t\t\t\t\t\t<div class=\"elementor-element elementor-element-4eac60e8 elementor-widget elementor-widget-text-editor\" data-id=\"4eac60e8\" data-element_type=\"widget\" data-widget_type=\"text-editor.default\">\n\t\t\t\t<div class=\"elementor-widget-container\">\n\t\t\t\t\t\t\t<p>et filtre l'air en continu. La fonction automatique <strong>Fonction de reprise<\/strong> veille \u00e0 ce que l'appareil se rallume automatiquement, par exemple en cas de panne de courant, et reprenne les r\u00e9glages pr\u00e9c\u00e9dents. Le Gree Bora dispose en outre de la <strong>Autres fonctions : minuterie 24h, protection contre le sous-refroidissement, d\u00e9shumidification, ionisateur<\/strong><\/p>\t\t\t\t\t\t<\/div>\n\t\t\t\t<\/div>\n\t\t\t\t\t<\/div>\n\t\t<\/div>\n\t\t\t\t\t\t\t<\/div>\n\t\t<\/section>\n\t\t\t\t<section class=\"elementor-section elementor-inner-section elementor-element elementor-element-6f09cd00 elementor-section-boxed elementor-section-height-default elementor-section-height-default\" data-id=\"6f09cd00\" data-element_type=\"section\" data-settings=\"{&quot;background_background&quot;:&quot;classic&quot;}\">\n\t\t\t\t\t\t<div class=\"elementor-container elementor-column-gap-wider\">\n\t\t\t\t\t<div class=\"elementor-column elementor-col-50 elementor-inner-column elementor-element elementor-element-769c88ac\" data-id=\"769c88ac\" data-element_type=\"column\">\n\t\t\t<div class=\"elementor-widget-wrap elementor-element-populated\">\n\t\t\t\t\t\t\t\t<div class=\"elementor-element elementor-element-7026ffa elementor-widget elementor-widget-heading\" data-id=\"7026ffa\" data-element_type=\"widget\" data-widget_type=\"heading.default\">\n\t\t\t\t<div class=\"elementor-widget-container\">\n\t\t\t<style>\/*! elementor - v3.6.5 - 27-04-2022 *\/\n.elementor-heading-title{padding:0;margin:0;line-height:1}.elementor-widget-heading .elementor-heading-title[class*=elementor-size-]>a{color:inherit;font-size:inherit;line-height:inherit}.elementor-widget-heading .elementor-heading-title.elementor-size-small{font-size:15px}.elementor-widget-heading .elementor-heading-title.elementor-size-medium{font-size:19px}.elementor-widget-heading .elementor-heading-title.elementor-size-large{font-size:29px}.elementor-widget-heading .elementor-heading-title.elementor-size-xl{font-size:39px}.elementor-widget-heading .elementor-heading-title.elementor-size-xxl{font-size:59px}<\/style><span class=\"elementor-heading-title elementor-size-default\">Package complet<br>montage inclus :<\/span>\t\t<\/div>\n\t\t\t\t<\/div>\n\t\t\t\t\t<\/div>\n\t\t<\/div>\n\t\t\t\t<div class=\"elementor-column elementor-col-50 elementor-inner-column elementor-element elementor-element-568925e3\" data-id=\"568925e3\" data-element_type=\"column\">\n\t\t\t<div class=\"elementor-widget-wrap elementor-element-populated\">\n\t\t\t\t\t\t\t\t<div class=\"elementor-element elementor-element-7cba90c6 check-list no-padding elementor-widget elementor-widget-text-editor\" data-id=\"7cba90c6\" data-element_type=\"widget\" data-widget_type=\"text-editor.default\">\n\t\t\t\t<div class=\"elementor-widget-container\">\n\t\t\t\t\t\t\t<p><strong>Contenu de la livraison<\/strong><\/p><ul><li>4 x Gree Bora 2.7KW Innenger\u00e4t (GWH-09-AGD)<\/li><li>1 x Gree Aussenger\u00e4t (GWHD-28-NK6LO)<\/li><li>T\u00e9l\u00e9commande infrarouge avec \u00e9cran LCD<\/li><li>10m K\u00e4lteleitung pro Innenger\u00e4t<\/li><li>Consommables pour le montage<\/li><li>Service de montage<\/li><li>Mise en service<\/li><\/ul>\t\t\t\t\t\t<\/div>\n\t\t\t\t<\/div>\n\t\t\t\t\t<\/div>\n\t\t<\/div>\n\t\t\t\t\t\t\t<\/div>\n\t\t<\/section>\n\t\t\t\t\t<\/div>\n\t\t<\/div>\n\t\t\t\t\t\t\t<\/div>\n\t\t<\/section>\n\t\t\t\t<section class=\"elementor-section elementor-top-section elementor-element elementor-element-26aa3c91 elementor-section-boxed elementor-section-height-default elementor-section-height-default\" data-id=\"26aa3c91\" data-element_type=\"section\">\n\t\t\t\t\t\t<div class=\"elementor-container elementor-column-gap-default\">\n\t\t\t\t\t<div class=\"elementor-column elementor-col-100 elementor-top-column elementor-element elementor-element-57568ec8\" data-id=\"57568ec8\" data-element_type=\"column\">\n\t\t\t<div class=\"elementor-widget-wrap elementor-element-populated\">\n\t\t\t\t\t\t\t\t<div class=\"elementor-element elementor-element-28cdefc elementor-widget elementor-widget-heading\" data-id=\"28cdefc\" data-element_type=\"widget\" data-widget_type=\"heading.default\">\n\t\t\t\t<div class=\"elementor-widget-container\">\n\t\t\t<h3 class=\"elementor-heading-title elementor-size-default\">Sp\u00e9cification<\/h3>\t\t<\/div>\n\t\t\t\t<\/div>\n\t\t\t\t<section class=\"elementor-section elementor-inner-section elementor-element elementor-element-64f5822 elementor-section-boxed elementor-section-height-default elementor-section-height-default\" data-id=\"64f5822\" data-element_type=\"section\">\n\t\t\t\t\t\t<div class=\"elementor-container elementor-column-gap-default\">\n\t\t\t\t\t<div class=\"elementor-column elementor-col-50 elementor-inner-column elementor-element elementor-element-6e086f9\" data-id=\"6e086f9\" data-element_type=\"column\">\n\t\t\t<div class=\"elementor-widget-wrap elementor-element-populated\">\n\t\t\t\t\t\t\t\t<div class=\"elementor-element elementor-element-6922323b elementor-widget elementor-widget-heading\" data-id=\"6922323b\" data-element_type=\"widget\" data-widget_type=\"heading.default\">\n\t\t\t\t<div class=\"elementor-widget-container\">\n\t\t\t<h5 class=\"elementor-heading-title elementor-size-default\">Unit\u00e9 int\u00e9rieure<\/h5>\t\t<\/div>\n\t\t\t\t<\/div>\n\t\t\t\t<div class=\"elementor-element elementor-element-1b7e57f5 elementor-widget elementor-widget-text-editor\" data-id=\"1b7e57f5\" data-element_type=\"widget\" data-widget_type=\"text-editor.default\">\n\t\t\t\t<div class=\"elementor-widget-container\">\n\t\t\t\t\t\t\t<table>\n<tbody>\n<tr>\n<td>Refroidissement<\/td>\n<td>2.7 kW<\/td>\n<\/tr>\n<tr>\n<td>Plage de r\u00e9glage refroidissement<\/td>\n<td>0.6-3.4 kW<\/td>\n<\/tr>\n<tr>\n<td>Chauffage<\/td>\n<td>2.8 kW<\/td>\n<\/tr>\n<tr>\n<td>Plage de r\u00e9glage du chauffage<\/td>\n<td>0.6-3.7 kW<\/td>\n<\/tr>\n<tr>\n<td>Type de r\u00e9frig\u00e9rant<\/td>\n<td>R32<\/td>\n<\/tr>\n<tr>\n<td>Classe d'efficacit\u00e9 \u00e9nerg\u00e9tique<\/td>\n<td>A++<\/td>\n<\/tr>\n<tr>\n<td>Niveau sonore<\/td>\n<td>21-40 dB(A)<\/td>\n<\/tr>\n<tr>\n<td>Poids<\/td>\n<td>7.5 kg<\/td>\n<\/tr>\n<tr>\n<td>Hauteur<\/td>\n<td>26 cm<\/td>\n<\/tr>\n<tr>\n<td>Largeur<\/td>\n<td>77.9 cm<\/td>\n<\/tr>\n<tr>\n<td>Profondeur<\/td>\n<td>18.5 cm<\/td>\n<\/tr>\n<\/tbody>\n<\/table>\t\t\t\t\t\t<\/div>\n\t\t\t\t<\/div>\n\t\t\t\t\t<\/div>\n\t\t<\/div>\n\t\t\t\t<div class=\"elementor-column elementor-col-50 elementor-inner-column elementor-element elementor-element-67a73060\" data-id=\"67a73060\" data-element_type=\"column\">\n\t\t\t<div class=\"elementor-widget-wrap elementor-element-populated\">\n\t\t\t\t\t\t\t\t<div class=\"elementor-element elementor-element-7930390a elementor-widget elementor-widget-heading\" data-id=\"7930390a\" data-element_type=\"widget\" data-widget_type=\"heading.default\">\n\t\t\t\t<div class=\"elementor-widget-container\">\n\t\t\t<h5 class=\"elementor-heading-title elementor-size-default\">Unit\u00e9 ext\u00e9rieure<\/h5>\t\t<\/div>\n\t\t\t\t<\/div>\n\t\t\t\t<div class=\"elementor-element elementor-element-c09af87 elementor-widget elementor-widget-text-editor\" data-id=\"c09af87\" data-element_type=\"widget\" data-widget_type=\"text-editor.default\">\n\t\t\t\t<div class=\"elementor-widget-container\">\n\t\t\t\t\t\t\t<table>\n<tbody>\n<tr>\n<td>Refroidissement<\/td>\n<td>8.0 kW<\/td>\n<\/tr>\n<tr>\n<td>Plage de r\u00e9glage refroidissement<\/td>\n<td>2.2-10.2 kW<\/td>\n<\/tr>\n<tr>\n<td>Chauffage<\/td>\n<td>9.5 kW<\/td>\n<\/tr>\n<tr>\n<td>Plage de r\u00e9glage du chauffage<\/td>\n<td>3.6-10.2 kW<\/td>\n<\/tr>\n<tr>\n<td>Type de r\u00e9frig\u00e9rant<\/td>\n<td>R32<\/td>\n<\/tr>\n<tr>\n<td>Classe d'efficacit\u00e9 \u00e9nerg\u00e9tique<\/td>\n<td>A++<\/td>\n<\/tr>\n<tr>\n<td>Niveau sonore<\/td>\n<td>42 dB(A)<\/td>\n<\/tr>\n<tr>\n<td>Poids<\/td>\n<td>69 kg<\/td>\n<\/tr>\n<tr>\n<td>Hauteur<\/td>\n<td>79 cm<\/td>\n<\/tr>\n<tr>\n<td>Largeur<\/td>\n<td>100.1 cm<\/td>\n<\/tr>\n<tr>\n<td>Profondeur<\/td>\n<td>42.7 cm<\/td>\n<\/tr>\n<\/tbody>\n<\/table>\t\t\t\t\t\t<\/div>\n\t\t\t\t<\/div>\n\t\t\t\t\t<\/div>\n\t\t<\/div>\n\t\t\t\t\t\t\t<\/div>\n\t\t<\/section>\n\t\t\t\t\t<\/div>\n\t\t<\/div>\n\t\t\t\t\t\t\t<\/div>\n\t\t<\/section>\n\t\t\t\t\t\t\t<\/div>","protected":false},"excerpt":{"rendered":"<ul>\n<li>montage et mise en service inclus<\/li>\n<li>10 ans de garantie avec contrat de service<\/li>\n<li>Possibilit\u00e9 de paiement \u00e9chelonn\u00e9<\/li>\n<li>Garantie de remboursement<\/li>\n<\/ul>\n<p>Tu souhaites obtenir des conseils au pr\u00e9alable ?<br \/>\n\t<a class=\"paoc-popup-click paoc-popup-cust-57687 paoc-popup-simple_link paoc-popup-link\" href=\"javascript:void(0);\">Cliquez ici<\/a><\/p>","protected":false},"featured_media":53850,"comment_status":"open","ping_status":"closed","template":"","meta":{"_acf_changed":false},"product_cat":[88],"product_tag":[],"class_list":{"0":"post-53038","1":"product","2":"type-product","3":"status-publish","4":"has-post-thumbnail","6":"product_brand-gree","7":"product_cat-montierte-klimageraete","8":"product_shipping_class-montagegeraet","11":"first","12":"instock","13":"taxable","14":"shipping-taxable","15":"purchasable","16":"product-type-simple"},"acf":[],"_links":{"self":[{"href":"https:\/\/klimapingu.ch\/fr\/wp-json\/wp\/v2\/product\/53038","targetHints":{"allow":["GET"]}}],"collection":[{"href":"https:\/\/klimapingu.ch\/fr\/wp-json\/wp\/v2\/product"}],"about":[{"href":"https:\/\/klimapingu.ch\/fr\/wp-json\/wp\/v2\/types\/product"}],"replies":[{"embeddable":true,"href":"https:\/\/klimapingu.ch\/fr\/wp-json\/wp\/v2\/comments?post=53038"}],"version-history":[{"count":18,"href":"https:\/\/klimapingu.ch\/fr\/wp-json\/wp\/v2\/product\/53038\/revisions"}],"predecessor-version":[{"id":59405,"href":"https:\/\/klimapingu.ch\/fr\/wp-json\/wp\/v2\/product\/53038\/revisions\/59405"}],"wp:featuredmedia":[{"embeddable":true,"href":"https:\/\/klimapingu.ch\/fr\/wp-json\/wp\/v2\/media\/53850"}],"wp:attachment":[{"href":"https:\/\/klimapingu.ch\/fr\/wp-json\/wp\/v2\/media?parent=53038"}],"wp:term":[{"taxonomy":"product_cat","embeddable":true,"href":"https:\/\/klimapingu.ch\/fr\/wp-json\/wp\/v2\/product_cat?post=53038"},{"taxonomy":"product_tag","embeddable":true,"href":"https:\/\/klimapingu.ch\/fr\/wp-json\/wp\/v2\/product_tag?post=53038"}],"curies":[{"name":"wp","href":"https:\/\/api.w.org\/{rel}","templated":true}]}}