{"id":53031,"date":"2022-06-01T12:10:17","date_gmt":"2022-06-01T10:10:17","guid":{"rendered":"https:\/\/klimapingu.ch\/?post_type=product&#038;p=53031"},"modified":"2024-03-15T14:59:30","modified_gmt":"2024-03-15T13:59:30","slug":"bora-7-0-kw-basic","status":"publish","type":"product","link":"https:\/\/klimapingu.ch\/fr\/product\/bora-7-0-kw-basic\/","title":{"rendered":"Bora 7.0 KW &#8220;Basic&#8221;"},"content":{"rendered":"<div data-elementor-type=\"wp-post\" data-elementor-id=\"53031\" class=\"elementor elementor-53031\">\n\t\t\t\t\t\t\t\t\t<section class=\"elementor-section elementor-top-section elementor-element elementor-element-7c07b2b1 elementor-section-boxed elementor-section-height-default elementor-section-height-default\" data-id=\"7c07b2b1\" data-element_type=\"section\">\n\t\t\t\t\t\t<div class=\"elementor-container elementor-column-gap-default\">\n\t\t\t\t\t<div class=\"elementor-column elementor-col-100 elementor-top-column elementor-element elementor-element-5caa7935\" data-id=\"5caa7935\" data-element_type=\"column\">\n\t\t\t<div class=\"elementor-widget-wrap elementor-element-populated\">\n\t\t\t\t\t\t\t\t<section class=\"elementor-section elementor-inner-section elementor-element elementor-element-124a9d1e elementor-section-boxed elementor-section-height-default elementor-section-height-default\" data-id=\"124a9d1e\" data-element_type=\"section\">\n\t\t\t\t\t\t<div class=\"elementor-container elementor-column-gap-default\">\n\t\t\t\t\t<div class=\"elementor-column elementor-col-33 elementor-inner-column elementor-element elementor-element-3d470d39\" data-id=\"3d470d39\" data-element_type=\"column\">\n\t\t\t<div class=\"elementor-widget-wrap elementor-element-populated\">\n\t\t\t\t\t\t\t\t<div class=\"elementor-element elementor-element-638be6f elementor-widget elementor-widget-text-editor\" data-id=\"638be6f\" data-element_type=\"widget\" data-widget_type=\"text-editor.default\">\n\t\t\t\t<div class=\"elementor-widget-container\">\n\t\t\t<style>\/*! elementor - v3.6.5 - 27-04-2022 *\/\n.elementor-widget-text-editor.elementor-drop-cap-view-stacked .elementor-drop-cap{background-color:#818a91;color:#fff}.elementor-widget-text-editor.elementor-drop-cap-view-framed .elementor-drop-cap{color:#818a91;border:3px solid;background-color:transparent}.elementor-widget-text-editor:not(.elementor-drop-cap-view-default) .elementor-drop-cap{margin-top:8px}.elementor-widget-text-editor:not(.elementor-drop-cap-view-default) .elementor-drop-cap-letter{width:1em;height:1em}.elementor-widget-text-editor .elementor-drop-cap{float:left;text-align:center;line-height:1;font-size:50px}.elementor-widget-text-editor .elementor-drop-cap-letter{display:inline-block}<\/style>\t\t\t\t<p><strong>Montage inclus<br \/><\/strong>Nos monteurs frigoristes installent le climatiseur directement chez toi. (carottage exclu)<strong><br \/><\/strong><\/p><p><strong>\u00a0<\/strong><\/p>\t\t\t\t\t\t<\/div>\n\t\t\t\t<\/div>\n\t\t\t\t\t<\/div>\n\t\t<\/div>\n\t\t\t\t<div class=\"elementor-column elementor-col-33 elementor-inner-column elementor-element elementor-element-3c84e81d\" data-id=\"3c84e81d\" data-element_type=\"column\">\n\t\t\t<div class=\"elementor-widget-wrap elementor-element-populated\">\n\t\t\t\t\t\t\t\t<div class=\"elementor-element elementor-element-199ddcbc elementor-widget elementor-widget-text-editor\" data-id=\"199ddcbc\" data-element_type=\"widget\" data-widget_type=\"text-editor.default\">\n\t\t\t\t<div class=\"elementor-widget-container\">\n\t\t\t\t\t\t\t<p><strong>10 ans de garantie<br \/><\/strong>Nous savons ce dont nos appareils sont capables - c'est pourquoi nous appliquons une garantie de 10 ans avec contrat de service.<strong><br \/><\/strong><\/p>\t\t\t\t\t\t<\/div>\n\t\t\t\t<\/div>\n\t\t\t\t\t<\/div>\n\t\t<\/div>\n\t\t\t\t<div class=\"elementor-column elementor-col-33 elementor-inner-column elementor-element elementor-element-2d149d81\" data-id=\"2d149d81\" data-element_type=\"column\">\n\t\t\t<div class=\"elementor-widget-wrap elementor-element-populated\">\n\t\t\t\t\t\t\t\t<div class=\"elementor-element elementor-element-6d19f19d elementor-widget elementor-widget-text-editor\" data-id=\"6d19f19d\" data-element_type=\"widget\" data-widget_type=\"text-editor.default\">\n\t\t\t\t<div class=\"elementor-widget-container\">\n\t\t\t\t\t\t\t<p><strong>Consommables inclus<br \/><\/strong>Les consommables &amp; 10 m de c\u00e2ble sont inclus et cela suffit g\u00e9n\u00e9ralement pour le montage.<\/p>\t\t\t\t\t\t<\/div>\n\t\t\t\t<\/div>\n\t\t\t\t\t<\/div>\n\t\t<\/div>\n\t\t\t\t\t\t\t<\/div>\n\t\t<\/section>\n\t\t\t\t<div class=\"elementor-element elementor-element-2ca9edfb elementor-widget-divider--view-line elementor-widget elementor-widget-divider\" data-id=\"2ca9edfb\" data-element_type=\"widget\" data-widget_type=\"divider.default\">\n\t\t\t\t<div class=\"elementor-widget-container\">\n\t\t\t<style>\/*! elementor - v3.6.5 - 27-04-2022 *\/\n.elementor-widget-divider{--divider-border-style:none;--divider-border-width:1px;--divider-color:#2c2c2c;--divider-icon-size:20px;--divider-element-spacing:10px;--divider-pattern-height:24px;--divider-pattern-size:20px;--divider-pattern-url:none;--divider-pattern-repeat:repeat-x}.elementor-widget-divider .elementor-divider{display:-webkit-box;display:-ms-flexbox;display:flex}.elementor-widget-divider .elementor-divider__text{font-size:15px;line-height:1;max-width:95%}.elementor-widget-divider .elementor-divider__element{margin:0 var(--divider-element-spacing);-ms-flex-negative:0;flex-shrink:0}.elementor-widget-divider .elementor-icon{font-size:var(--divider-icon-size)}.elementor-widget-divider .elementor-divider-separator{display:-webkit-box;display:-ms-flexbox;display:flex;margin:0;direction:ltr}.elementor-widget-divider--view-line_icon .elementor-divider-separator,.elementor-widget-divider--view-line_text .elementor-divider-separator{-webkit-box-align:center;-ms-flex-align:center;align-items:center}.elementor-widget-divider--view-line_icon .elementor-divider-separator:after,.elementor-widget-divider--view-line_icon .elementor-divider-separator:before,.elementor-widget-divider--view-line_text .elementor-divider-separator:after,.elementor-widget-divider--view-line_text .elementor-divider-separator:before{display:block;content:\"\";border-bottom:0;-webkit-box-flex:1;-ms-flex-positive:1;flex-grow:1;border-top:var(--divider-border-width) var(--divider-border-style) var(--divider-color)}.elementor-widget-divider--element-align-left .elementor-divider .elementor-divider-separator>.elementor-divider__svg:first-of-type{-webkit-box-flex:0;-ms-flex-positive:0;flex-grow:0;-ms-flex-negative:100;flex-shrink:100}.elementor-widget-divider--element-align-left .elementor-divider-separator:before{content:none}.elementor-widget-divider--element-align-left .elementor-divider__element{margin-left:0}.elementor-widget-divider--element-align-right .elementor-divider .elementor-divider-separator>.elementor-divider__svg:last-of-type{-webkit-box-flex:0;-ms-flex-positive:0;flex-grow:0;-ms-flex-negative:100;flex-shrink:100}.elementor-widget-divider--element-align-right .elementor-divider-separator:after{content:none}.elementor-widget-divider--element-align-right .elementor-divider__element{margin-right:0}.elementor-widget-divider:not(.elementor-widget-divider--view-line_text):not(.elementor-widget-divider--view-line_icon) .elementor-divider-separator{border-top:var(--divider-border-width) var(--divider-border-style) var(--divider-color)}.elementor-widget-divider--separator-type-pattern{--divider-border-style:none}.elementor-widget-divider--separator-type-pattern.elementor-widget-divider--view-line .elementor-divider-separator,.elementor-widget-divider--separator-type-pattern:not(.elementor-widget-divider--view-line) .elementor-divider-separator:after,.elementor-widget-divider--separator-type-pattern:not(.elementor-widget-divider--view-line) .elementor-divider-separator:before,.elementor-widget-divider--separator-type-pattern:not([class*=elementor-widget-divider--view]) .elementor-divider-separator{width:100%;min-height:var(--divider-pattern-height);-webkit-mask-size:var(--divider-pattern-size) 100%;mask-size:var(--divider-pattern-size) 100%;-webkit-mask-repeat:var(--divider-pattern-repeat);mask-repeat:var(--divider-pattern-repeat);background-color:var(--divider-color);-webkit-mask-image:var(--divider-pattern-url);mask-image:var(--divider-pattern-url)}.elementor-widget-divider--no-spacing{--divider-pattern-size:auto}.elementor-widget-divider--bg-round{--divider-pattern-repeat:round}.rtl .elementor-widget-divider .elementor-divider__text{direction:rtl}<\/style>\t\t<div class=\"elementor-divider\">\n\t\t\t<span class=\"elementor-divider-separator\">\n\t\t\t\t\t\t<\/span>\n\t\t<\/div>\n\t\t\t\t<\/div>\n\t\t\t\t<\/div>\n\t\t\t\t<section class=\"elementor-section elementor-inner-section elementor-element elementor-element-f5d204f elementor-section-boxed elementor-section-height-default elementor-section-height-default\" data-id=\"f5d204f\" data-element_type=\"section\">\n\t\t\t\t\t\t<div class=\"elementor-container elementor-column-gap-wider\">\n\t\t\t\t\t<div class=\"elementor-column elementor-col-50 elementor-inner-column elementor-element elementor-element-d8e3b50\" data-id=\"d8e3b50\" data-element_type=\"column\">\n\t\t\t<div class=\"elementor-widget-wrap elementor-element-populated\">\n\t\t\t\t\t\t\t\t<div class=\"elementor-element elementor-element-6a08e304 elementor-widget elementor-widget-text-editor\" data-id=\"6a08e304\" data-element_type=\"widget\" data-widget_type=\"text-editor.default\">\n\t\t\t\t<div class=\"elementor-widget-container\">\n\t\t\t\t\t\t\t<p>Le Gree Bora est un appareil mural \u00e0 d\u00e9tente directe dot\u00e9 d'une technologie Inverter haut de gamme. Avec son blanc sobre, il s'int\u00e8gre dans n'importe quelle pi\u00e8ce. En mode veille, il ne consomme que 0,5 watt d'\u00e9lectricit\u00e9. Avec la <strong>Technologie WiFi<\/strong> tu peux facilement contr\u00f4ler et r\u00e9gler l'appareil avec ton appareil mobile. Le site <strong>Filtre au charbon actif<\/strong> assure une propret\u00e9<\/p>\t\t\t\t\t\t<\/div>\n\t\t\t\t<\/div>\n\t\t\t\t\t<\/div>\n\t\t<\/div>\n\t\t\t\t<div class=\"elementor-column elementor-col-50 elementor-inner-column elementor-element elementor-element-4abf4812\" data-id=\"4abf4812\" data-element_type=\"column\">\n\t\t\t<div class=\"elementor-widget-wrap elementor-element-populated\">\n\t\t\t\t\t\t\t\t<div class=\"elementor-element elementor-element-2123a892 elementor-widget elementor-widget-text-editor\" data-id=\"2123a892\" data-element_type=\"widget\" data-widget_type=\"text-editor.default\">\n\t\t\t\t<div class=\"elementor-widget-container\">\n\t\t\t\t\t\t\t<p>et filtre l'air en continu. La fonction automatique <strong>Fonction de reprise<\/strong> veille \u00e0 ce que l'appareil se rallume automatiquement, par exemple en cas de panne de courant, et reprenne les r\u00e9glages pr\u00e9c\u00e9dents. Le Gree Bora dispose en outre de la <strong>Autres fonctions : minuterie 24h, protection contre le sous-refroidissement, d\u00e9shumidification, ionisateur<\/strong><\/p>\t\t\t\t\t\t<\/div>\n\t\t\t\t<\/div>\n\t\t\t\t\t<\/div>\n\t\t<\/div>\n\t\t\t\t\t\t\t<\/div>\n\t\t<\/section>\n\t\t\t\t<section class=\"elementor-section elementor-inner-section elementor-element elementor-element-29904574 elementor-section-boxed elementor-section-height-default elementor-section-height-default\" data-id=\"29904574\" data-element_type=\"section\" data-settings=\"{&quot;background_background&quot;:&quot;classic&quot;}\">\n\t\t\t\t\t\t<div class=\"elementor-container elementor-column-gap-wider\">\n\t\t\t\t\t<div class=\"elementor-column elementor-col-50 elementor-inner-column elementor-element elementor-element-683e7ce5\" data-id=\"683e7ce5\" data-element_type=\"column\">\n\t\t\t<div class=\"elementor-widget-wrap elementor-element-populated\">\n\t\t\t\t\t\t\t\t<div class=\"elementor-element elementor-element-53498341 elementor-widget elementor-widget-heading\" data-id=\"53498341\" data-element_type=\"widget\" data-widget_type=\"heading.default\">\n\t\t\t\t<div class=\"elementor-widget-container\">\n\t\t\t<style>\/*! elementor - v3.6.5 - 27-04-2022 *\/\n.elementor-heading-title{padding:0;margin:0;line-height:1}.elementor-widget-heading .elementor-heading-title[class*=elementor-size-]>a{color:inherit;font-size:inherit;line-height:inherit}.elementor-widget-heading .elementor-heading-title.elementor-size-small{font-size:15px}.elementor-widget-heading .elementor-heading-title.elementor-size-medium{font-size:19px}.elementor-widget-heading .elementor-heading-title.elementor-size-large{font-size:29px}.elementor-widget-heading .elementor-heading-title.elementor-size-xl{font-size:39px}.elementor-widget-heading .elementor-heading-title.elementor-size-xxl{font-size:59px}<\/style><span class=\"elementor-heading-title elementor-size-default\">Package complet<br>montage inclus :<\/span>\t\t<\/div>\n\t\t\t\t<\/div>\n\t\t\t\t\t<\/div>\n\t\t<\/div>\n\t\t\t\t<div class=\"elementor-column elementor-col-50 elementor-inner-column elementor-element elementor-element-7bad298d\" data-id=\"7bad298d\" data-element_type=\"column\">\n\t\t\t<div class=\"elementor-widget-wrap elementor-element-populated\">\n\t\t\t\t\t\t\t\t<div class=\"elementor-element elementor-element-26408693 check-list no-padding elementor-widget elementor-widget-text-editor\" data-id=\"26408693\" data-element_type=\"widget\" data-widget_type=\"text-editor.default\">\n\t\t\t\t<div class=\"elementor-widget-container\">\n\t\t\t\t\t\t\t<p><strong>Contenu de la livraison<\/strong><\/p>\n<ul>\n<li>1 x Gree Bora 7.0 KW Innenger\u00e4t&nbsp;<\/li>\n<li>1 x Gree Aussenger\u00e4t<\/li>\n<li>T\u00e9l\u00e9commande infrarouge avec \u00e9cran LCD<\/li>\n<li>10m de conduite de froid<\/li>\n<li>Consommables pour le montage<\/li>\n<li>Service de montage<\/li>\n<li>Mise en service<\/li>\n<\/ul>\t\t\t\t\t\t<\/div>\n\t\t\t\t<\/div>\n\t\t\t\t\t<\/div>\n\t\t<\/div>\n\t\t\t\t\t\t\t<\/div>\n\t\t<\/section>\n\t\t\t\t\t<\/div>\n\t\t<\/div>\n\t\t\t\t\t\t\t<\/div>\n\t\t<\/section>\n\t\t\t\t<section class=\"elementor-section elementor-top-section elementor-element elementor-element-4fdb3a75 elementor-section-boxed elementor-section-height-default elementor-section-height-default\" data-id=\"4fdb3a75\" data-element_type=\"section\">\n\t\t\t\t\t\t<div class=\"elementor-container elementor-column-gap-default\">\n\t\t\t\t\t<div class=\"elementor-column elementor-col-100 elementor-top-column elementor-element elementor-element-716fcdb0\" data-id=\"716fcdb0\" data-element_type=\"column\">\n\t\t\t<div class=\"elementor-widget-wrap elementor-element-populated\">\n\t\t\t\t\t\t\t\t<div class=\"elementor-element elementor-element-41fe234a elementor-widget elementor-widget-heading\" data-id=\"41fe234a\" data-element_type=\"widget\" data-widget_type=\"heading.default\">\n\t\t\t\t<div class=\"elementor-widget-container\">\n\t\t\t<h3 class=\"elementor-heading-title elementor-size-default\">Sp\u00e9cification<\/h3>\t\t<\/div>\n\t\t\t\t<\/div>\n\t\t\t\t<section class=\"elementor-section elementor-inner-section elementor-element elementor-element-42d59b20 elementor-section-boxed elementor-section-height-default elementor-section-height-default\" data-id=\"42d59b20\" data-element_type=\"section\">\n\t\t\t\t\t\t<div class=\"elementor-container elementor-column-gap-default\">\n\t\t\t\t\t<div class=\"elementor-column elementor-col-50 elementor-inner-column elementor-element elementor-element-444f8e86\" data-id=\"444f8e86\" data-element_type=\"column\">\n\t\t\t<div class=\"elementor-widget-wrap elementor-element-populated\">\n\t\t\t\t\t\t\t\t<div class=\"elementor-element elementor-element-35c9cc92 elementor-widget elementor-widget-heading\" data-id=\"35c9cc92\" data-element_type=\"widget\" data-widget_type=\"heading.default\">\n\t\t\t\t<div class=\"elementor-widget-container\">\n\t\t\t<h5 class=\"elementor-heading-title elementor-size-default\">Unit\u00e9 int\u00e9rieure<\/h5>\t\t<\/div>\n\t\t\t\t<\/div>\n\t\t\t\t<div class=\"elementor-element elementor-element-6b032add elementor-widget elementor-widget-text-editor\" data-id=\"6b032add\" data-element_type=\"widget\" data-widget_type=\"text-editor.default\">\n\t\t\t\t<div class=\"elementor-widget-container\">\n\t\t\t\t\t\t\t<table><tbody><tr><td>Refroidissement<\/td><td>6.2 kW<\/td><\/tr><tr><td>Plage de r\u00e9glage refroidissement<\/td><td>1.8-6.7 kW<\/td><\/tr><tr><td>Chauffage<\/td><td>6.5 kW<\/td><\/tr><tr><td>Plage de r\u00e9glage du chauffage<\/td><td>1.3-7.9 kW<\/td><\/tr><tr><td>Type de r\u00e9frig\u00e9rant<\/td><td>R32<\/td><\/tr><tr><td>Classe d'efficacit\u00e9 \u00e9nerg\u00e9tique<\/td><td>A++<\/td><\/tr><tr><td>Niveau sonore<\/td><td>30-46 dB(A)<\/td><\/tr><tr><td>Poids<\/td><td>14 kg<\/td><\/tr><tr><td>Hauteur<\/td><td>31.1 cm<\/td><\/tr><tr><td>Largeur<\/td><td>98.2 cm<\/td><\/tr><tr><td>Profondeur<\/td><td>22.1 cm<\/td><\/tr><\/tbody><\/table>\t\t\t\t\t\t<\/div>\n\t\t\t\t<\/div>\n\t\t\t\t\t<\/div>\n\t\t<\/div>\n\t\t\t\t<div class=\"elementor-column elementor-col-50 elementor-inner-column elementor-element elementor-element-31f3203d\" data-id=\"31f3203d\" data-element_type=\"column\">\n\t\t\t<div class=\"elementor-widget-wrap elementor-element-populated\">\n\t\t\t\t\t\t\t\t<div class=\"elementor-element elementor-element-7adafcde elementor-widget elementor-widget-heading\" data-id=\"7adafcde\" data-element_type=\"widget\" data-widget_type=\"heading.default\">\n\t\t\t\t<div class=\"elementor-widget-container\">\n\t\t\t<h5 class=\"elementor-heading-title elementor-size-default\">Unit\u00e9 ext\u00e9rieure<\/h5>\t\t<\/div>\n\t\t\t\t<\/div>\n\t\t\t\t<div class=\"elementor-element elementor-element-14fc0c55 elementor-widget elementor-widget-text-editor\" data-id=\"14fc0c55\" data-element_type=\"widget\" data-widget_type=\"text-editor.default\">\n\t\t\t\t<div class=\"elementor-widget-container\">\n\t\t\t\t\t\t\t<table>\n<tbody>\n<tr>\n<td>Refroidissement<\/td>\n<td>6.2 kW<\/td>\n<\/tr>\n<tr>\n<td>Plage de r\u00e9glage refroidissement<\/td>\n<td>1.8-6.7 kW<\/td>\n<\/tr>\n<tr>\n<td>Chauffage<\/td>\n<td>6.5 kW<\/td>\n<\/tr>\n<tr>\n<td>Plage de r\u00e9glage du chauffage<\/td>\n<td>1.3-7.9 kW<\/td>\n<\/tr>\n<tr>\n<td>Type de r\u00e9frig\u00e9rant<\/td>\n<td>R32<\/td>\n<\/tr>\n<tr>\n<td>Classe d'efficacit\u00e9 \u00e9nerg\u00e9tique<\/td>\n<td>A++<\/td>\n<\/tr>\n<tr>\n<td>Niveau sonore<\/td>\n<td>47 dB(A)<\/td>\n<\/tr>\n<tr>\n<td>Poids<\/td>\n<td>37 kg<\/td>\n<\/tr>\n<tr>\n<td>Hauteur<\/td>\n<td>55 cm<\/td>\n<\/tr>\n<tr>\n<td>Largeur<\/td>\n<td>87.3 cm<\/td>\n<\/tr>\n<tr>\n<td>Profondeur<\/td>\n<td>37.6 cm<\/td>\n<\/tr>\n<\/tbody>\n<\/table>\t\t\t\t\t\t<\/div>\n\t\t\t\t<\/div>\n\t\t\t\t\t<\/div>\n\t\t<\/div>\n\t\t\t\t\t\t\t<\/div>\n\t\t<\/section>\n\t\t\t\t\t<\/div>\n\t\t<\/div>\n\t\t\t\t\t\t\t<\/div>\n\t\t<\/section>\n\t\t\t\t\t\t\t<\/div>","protected":false},"excerpt":{"rendered":"<ul>\n<li>montage et mise en service inclus<\/li>\n<li>10 ans de garantie avec contrat de service<\/li>\n<li>Possibilit\u00e9 de paiement \u00e9chelonn\u00e9<\/li>\n<li>Garantie de remboursement<\/li>\n<\/ul>\n<p>Tu souhaites obtenir des conseils au pr\u00e9alable ?<br \/>\n\t<a class=\"paoc-popup-click paoc-popup-cust-57687 paoc-popup-simple_link paoc-popup-link\" href=\"javascript:void(0);\">Cliquez ici<\/a><\/p>","protected":false},"featured_media":53837,"comment_status":"open","ping_status":"closed","template":"","meta":{"_acf_changed":false},"product_cat":[88],"product_tag":[],"class_list":{"0":"post-53031","1":"product","2":"type-product","3":"status-publish","4":"has-post-thumbnail","6":"product_brand-gree","7":"product_cat-montierte-klimageraete","8":"product_shipping_class-montagegeraet","11":"first","12":"instock","13":"taxable","14":"shipping-taxable","15":"purchasable","16":"product-type-simple"},"acf":[],"_links":{"self":[{"href":"https:\/\/klimapingu.ch\/fr\/wp-json\/wp\/v2\/product\/53031","targetHints":{"allow":["GET"]}}],"collection":[{"href":"https:\/\/klimapingu.ch\/fr\/wp-json\/wp\/v2\/product"}],"about":[{"href":"https:\/\/klimapingu.ch\/fr\/wp-json\/wp\/v2\/types\/product"}],"replies":[{"embeddable":true,"href":"https:\/\/klimapingu.ch\/fr\/wp-json\/wp\/v2\/comments?post=53031"}],"version-history":[{"count":18,"href":"https:\/\/klimapingu.ch\/fr\/wp-json\/wp\/v2\/product\/53031\/revisions"}],"predecessor-version":[{"id":57806,"href":"https:\/\/klimapingu.ch\/fr\/wp-json\/wp\/v2\/product\/53031\/revisions\/57806"}],"wp:featuredmedia":[{"embeddable":true,"href":"https:\/\/klimapingu.ch\/fr\/wp-json\/wp\/v2\/media\/53837"}],"wp:attachment":[{"href":"https:\/\/klimapingu.ch\/fr\/wp-json\/wp\/v2\/media?parent=53031"}],"wp:term":[{"taxonomy":"product_cat","embeddable":true,"href":"https:\/\/klimapingu.ch\/fr\/wp-json\/wp\/v2\/product_cat?post=53031"},{"taxonomy":"product_tag","embeddable":true,"href":"https:\/\/klimapingu.ch\/fr\/wp-json\/wp\/v2\/product_tag?post=53031"}],"curies":[{"name":"wp","href":"https:\/\/api.w.org\/{rel}","templated":true}]}}