{"id":52684,"date":"2022-03-29T16:54:14","date_gmt":"2022-03-29T14:54:14","guid":{"rendered":"https:\/\/klimapingu.ch\/?post_type=product&#038;p=52684"},"modified":"2024-07-31T18:48:35","modified_gmt":"2024-07-31T16:48:35","slug":"fral-facsw51","status":"publish","type":"product","link":"https:\/\/klimapingu.ch\/fr\/product\/fral-facsw51\/","title":{"rendered":"FRAL FACSW51"},"content":{"rendered":"<div data-elementor-type=\"wp-post\" data-elementor-id=\"52684\" class=\"elementor elementor-52684\">\n\t\t\t\t\t\t\t\t\t<section class=\"elementor-section elementor-top-section elementor-element elementor-element-102cc176 elementor-section-boxed elementor-section-height-default elementor-section-height-default\" data-id=\"102cc176\" data-element_type=\"section\">\n\t\t\t\t\t\t<div class=\"elementor-container elementor-column-gap-default\">\n\t\t\t\t\t<div class=\"elementor-column elementor-col-50 elementor-top-column elementor-element elementor-element-72fe90f6\" data-id=\"72fe90f6\" data-element_type=\"column\">\n\t\t\t<div class=\"elementor-widget-wrap elementor-element-populated\">\n\t\t\t\t\t\t\t\t<div class=\"elementor-element elementor-element-668b0f8a elementor-widget elementor-widget-heading\" data-id=\"668b0f8a\" data-element_type=\"widget\" data-widget_type=\"heading.default\">\n\t\t\t\t<div class=\"elementor-widget-container\">\n\t\t\t<style>\/*! elementor - v3.6.5 - 27-04-2022 *\/\n.elementor-heading-title{padding:0;margin:0;line-height:1}.elementor-widget-heading .elementor-heading-title[class*=elementor-size-]>a{color:inherit;font-size:inherit;line-height:inherit}.elementor-widget-heading .elementor-heading-title.elementor-size-small{font-size:15px}.elementor-widget-heading .elementor-heading-title.elementor-size-medium{font-size:19px}.elementor-widget-heading .elementor-heading-title.elementor-size-large{font-size:29px}.elementor-widget-heading .elementor-heading-title.elementor-size-xl{font-size:39px}.elementor-widget-heading .elementor-heading-title.elementor-size-xxl{font-size:59px}<\/style><h4 class=\"elementor-heading-title elementor-size-default\">Caract\u00e9ristiques<\/h4>\t\t<\/div>\n\t\t\t\t<\/div>\n\t\t\t\t<div class=\"elementor-element elementor-element-512c6491 elementor-widget elementor-widget-text-editor\" data-id=\"512c6491\" data-element_type=\"widget\" data-widget_type=\"text-editor.default\">\n\t\t\t\t<div class=\"elementor-widget-container\">\n\t\t\t<style>\/*! elementor - v3.6.5 - 27-04-2022 *\/\n.elementor-widget-text-editor.elementor-drop-cap-view-stacked .elementor-drop-cap{background-color:#818a91;color:#fff}.elementor-widget-text-editor.elementor-drop-cap-view-framed .elementor-drop-cap{color:#818a91;border:3px solid;background-color:transparent}.elementor-widget-text-editor:not(.elementor-drop-cap-view-default) .elementor-drop-cap{margin-top:8px}.elementor-widget-text-editor:not(.elementor-drop-cap-view-default) .elementor-drop-cap-letter{width:1em;height:1em}.elementor-widget-text-editor .elementor-drop-cap{float:left;text-align:center;line-height:1;font-size:50px}.elementor-widget-text-editor .elementor-drop-cap-letter{display:inline-block}<\/style>\t\t\t\t<p>Le climatiseur mobile puissant FRAL FACSW51 Split se compose d'une unit\u00e9 int\u00e9rieure et d'une unit\u00e9 ext\u00e9rieure. Gr\u00e2ce aux tuyaux flexibles avec raccords rapides, l'appareil peut \u00eatre utilis\u00e9 rapidement et en de nombreux endroits. Le syst\u00e8me de d\u00e9givrage automatique assure un fonctionnement fiable \u00e0 des temp\u00e9ratures ambiantes allant jusqu'\u00e0 +16\u00b0C. Ce climatiseur mobile est parfaitement adapt\u00e9 \u00e0 une utilisation dans les bureaux, les cabinets m\u00e9dicaux, les \u00e9v\u00e9nements, les salles de vente et m\u00eame les salles de serveurs.<\/p>\n<p><strong>Autres caract\u00e9ristiques :<\/strong><\/p>\n<ul>\n<li>Utilisation rapide et flexible<\/li>\n<li>Facile \u00e0 monter soi-m\u00eame<\/li>\n<li><span style=\"color: var( --e-global-color-text ); font-family: var( --e-global-typography-text-font-family ), Sans-serif; font-weight: var( --e-global-typography-text-font-weight ); font-size: 1.1rem;\">Temp\u00e9ratures de+16\u00b0C \u00e0 +30\u00b0C<\/span><br><\/li><li>disponible en plus avec 10m, 20m ou 30m de tuyau<\/li>\n<\/ul>\t\t\t\t\t\t<\/div>\n\t\t\t\t<\/div>\n\t\t\t\t\t<\/div>\n\t\t<\/div>\n\t\t\t\t<div class=\"elementor-column elementor-col-50 elementor-top-column elementor-element elementor-element-a66cbeb\" data-id=\"a66cbeb\" data-element_type=\"column\">\n\t\t\t<div class=\"elementor-widget-wrap elementor-element-populated\">\n\t\t\t\t\t\t\t\t<div class=\"elementor-element elementor-element-72a58534 elementor-widget elementor-widget-heading\" data-id=\"72a58534\" data-element_type=\"widget\" data-widget_type=\"heading.default\">\n\t\t\t\t<div class=\"elementor-widget-container\">\n\t\t\t<h4 class=\"elementor-heading-title elementor-size-default\">Sp\u00e9cification<\/h4>\t\t<\/div>\n\t\t\t\t<\/div>\n\t\t\t\t<div class=\"elementor-element elementor-element-896d2b3 elementor-widget elementor-widget-text-editor\" data-id=\"896d2b3\" data-element_type=\"widget\" data-widget_type=\"text-editor.default\">\n\t\t\t\t<div class=\"elementor-widget-container\">\n\t\t\t\t\t\t\t<table><tbody><tr style=\"height: 28px;\"><td style=\"width: 46.8237%; height: 28px;\">Puissance frigorifique<\/td><td style=\"width: 20.1999%; height: 28px;\">15kW<\/td><\/tr><tr style=\"height: 28px;\"><td style=\"width: 46.8237%; height: 28px;\">Unit\u00e9 int\u00e9rieure L x l x H<\/td><td style=\"width: 20.1999%; height: 28px;\">1070 x 410 x 1460 mm<\/td><\/tr><tr style=\"height: 28px;\"><td style=\"width: 46.8237%; height: 28px;\">Unit\u00e9 ext\u00e9rieure L x l x H<\/td><td style=\"width: 20.1999%; height: 28px;\">920 x 420 x 855 mm<\/td><\/tr><tr style=\"height: 28px;\"><td style=\"width: 46.8237%; height: 28px;\">Poids de l'unit\u00e9 int\u00e9rieure\/ext\u00e9rieure (remplie)<\/td><td style=\"width: 20.1999%; height: 28px;\">184 \/ 65 kg<\/td><\/tr><tr style=\"height: 28px;\"><td style=\"width: 46.8237%; height: 28px;\">Poids de transport, tuyau inclus<\/td><td style=\"width: 20.1999%; height: 28px;\">273 kg<\/td><\/tr><tr style=\"height: 28px;\"><td style=\"width: 46.8237%; height: 28px;\">Refroidissement de retour<\/td><td style=\"width: 20.1999%; height: 28px;\">M\u00e9lange eau-glycol<\/td><\/tr><tr style=\"height: 28px;\"><td style=\"width: 46.8237%; height: 28px;\">Puissance \u00e9lectrique absorb\u00e9e<\/td><td style=\"width: 20.1999%; height: 28px;\">8.7 Amp.(5.7kW)<\/td><\/tr><tr style=\"height: 28px;\"><td style=\"width: 46.8237%; height: 28px;\">Courant absorb\u00e9<\/td><td style=\"width: 20.1999%; height: 28px;\">Fusible 10 Amp. T<\/td><\/tr><tr style=\"height: 28px;\"><td style=\"width: 46.8237%; height: 28px;\">Alimentation \u00e9lectrique<\/td><td style=\"width: 20.1999%; height: 28px;\">3x400V +N +P<\/td><\/tr><tr style=\"height: 28px;\"><td style=\"width: 46.8237%; height: 28px;\">Raccordement \u00e9lectrique<\/td><td style=\"width: 20.1999%; height: 28px;\">Stecker CEE 16 Amp. 5 P<\/td><\/tr><tr style=\"height: 28px;\"><td style=\"width: 46.8237%; height: 28px;\">Niveau sonore de l'unit\u00e9 int\u00e9rieure<\/td><td style=\"width: 20.1999%; height: 28px;\">56 db(A)<\/td><\/tr><tr style=\"height: 28px;\"><td style=\"width: 46.8237%; height: 28px;\">Longueur max. Diff\u00e9rence de hauteur unit\u00e9 int\u00e9rieure\/ext\u00e9rieure<\/td><td style=\"width: 20.1999%; height: 28px;\">8 m<\/td><\/tr><tr style=\"height: 28px;\"><td style=\"width: 46.8237%; height: 28px;\">Temp\u00e9rature ambiante<\/td><td style=\"width: 20.1999%; height: 28px;\">R\u00e9glable de +16 \u00e0 +30\u00b0C<\/td><\/tr><tr style=\"height: 29px;\"><td style=\"width: 46.8237%; height: 29px;\">R\u00e9frig\u00e9rant<\/td><td style=\"width: 20.1999%; height: 29px;\">R410A<\/td><\/tr><tr style=\"height: 28px;\"><td style=\"width: 46.8237%; height: 28px;\">Compresseur<\/td><td style=\"width: 20.1999%; height: 28px;\">Piston roulant<\/td><\/tr><tr style=\"height: 28px;\"><td style=\"width: 46.8237%; height: 28px;\">Circulation de l'air Unit\u00e9 int\u00e9rieure niveau I\/II\/III<\/td><td style=\"width: 20.1999%; height: 28px;\">1400\/1800\/2200 m\u00b3\/h<\/td><\/tr><tr style=\"height: 28px;\"><td style=\"width: 46.8237%; height: 28px;\">Circulation d'air unit\u00e9 ext\u00e9rieure<\/td><td style=\"width: 20.1999%; height: 28px;\">2100 m\u00b3\/h<\/td><\/tr><tr style=\"height: 28px;\"><td style=\"width: 46.8237%; height: 28px;\">Puissance frigorifique \u00e0 temp\u00e9rature ambiante +26\u00b0C et 55%rH et 30\u00b0C de temp\u00e9rature ext\u00e9rieure<\/td><td style=\"width: 20.1999%; height: 28px;\">15\u2019000 Watt<\/td><\/tr><\/tbody><\/table>\t\t\t\t\t\t<\/div>\n\t\t\t\t<\/div>\n\t\t\t\t\t<\/div>\n\t\t<\/div>\n\t\t\t\t\t\t\t<\/div>\n\t\t<\/section>\n\t\t\t\t\t\t\t<\/div>","protected":false},"excerpt":{"rendered":"<p>Climatiseur mobile split<\/p>\n<ul>\n<li>utilisation rapide et flexible<\/li>\n<li>Mobile sur roulettes<\/li>\n<li>Plage de temp\u00e9rature de +16 \u00b0C \u00e0 +30 \u00b0C<\/li>\n<\/ul>","protected":false},"featured_media":53261,"comment_status":"open","ping_status":"closed","template":"","meta":{"_acf_changed":false},"product_cat":[71],"product_tag":[],"class_list":{"0":"post-52684","1":"product","2":"type-product","3":"status-publish","4":"has-post-thumbnail","6":"product_brand-fral","7":"product_cat-mobile-klimageraete","8":"product_shipping_class-montagegeraet","11":"first","12":"instock","13":"taxable","14":"shipping-taxable","15":"purchasable","16":"product-type-variable","17":"has-default-attributes"},"acf":[],"_links":{"self":[{"href":"https:\/\/klimapingu.ch\/fr\/wp-json\/wp\/v2\/product\/52684","targetHints":{"allow":["GET"]}}],"collection":[{"href":"https:\/\/klimapingu.ch\/fr\/wp-json\/wp\/v2\/product"}],"about":[{"href":"https:\/\/klimapingu.ch\/fr\/wp-json\/wp\/v2\/types\/product"}],"replies":[{"embeddable":true,"href":"https:\/\/klimapingu.ch\/fr\/wp-json\/wp\/v2\/comments?post=52684"}],"version-history":[{"count":23,"href":"https:\/\/klimapingu.ch\/fr\/wp-json\/wp\/v2\/product\/52684\/revisions"}],"predecessor-version":[{"id":57468,"href":"https:\/\/klimapingu.ch\/fr\/wp-json\/wp\/v2\/product\/52684\/revisions\/57468"}],"wp:featuredmedia":[{"embeddable":true,"href":"https:\/\/klimapingu.ch\/fr\/wp-json\/wp\/v2\/media\/53261"}],"wp:attachment":[{"href":"https:\/\/klimapingu.ch\/fr\/wp-json\/wp\/v2\/media?parent=52684"}],"wp:term":[{"taxonomy":"product_cat","embeddable":true,"href":"https:\/\/klimapingu.ch\/fr\/wp-json\/wp\/v2\/product_cat?post=52684"},{"taxonomy":"product_tag","embeddable":true,"href":"https:\/\/klimapingu.ch\/fr\/wp-json\/wp\/v2\/product_tag?post=52684"}],"curies":[{"name":"wp","href":"https:\/\/api.w.org\/{rel}","templated":true}]}}