{"id":52683,"date":"2022-03-29T16:54:14","date_gmt":"2022-03-29T14:54:14","guid":{"rendered":"https:\/\/klimapingu.ch\/?post_type=product&#038;p=52683"},"modified":"2025-09-25T11:50:28","modified_gmt":"2025-09-25T09:50:28","slug":"orion-daven","status":"publish","type":"product","link":"https:\/\/klimapingu.ch\/fr\/product\/orion-daven\/","title":{"rendered":"Orion Odin"},"content":{"rendered":"<div data-elementor-type=\"wp-post\" data-elementor-id=\"52683\" class=\"elementor elementor-52683\">\n\t\t\t\t\t\t\t\t\t<section class=\"elementor-section elementor-top-section elementor-element elementor-element-41d30fcc elementor-section-boxed elementor-section-height-default elementor-section-height-default\" data-id=\"41d30fcc\" data-element_type=\"section\">\n\t\t\t\t\t\t<div class=\"elementor-container elementor-column-gap-default\">\n\t\t\t\t\t<div class=\"elementor-column elementor-col-100 elementor-top-column elementor-element elementor-element-10cdb891\" data-id=\"10cdb891\" data-element_type=\"column\">\n\t\t\t<div class=\"elementor-widget-wrap elementor-element-populated\">\n\t\t\t\t\t\t\t\t<section class=\"elementor-section elementor-inner-section elementor-element elementor-element-67182fee elementor-section-boxed elementor-section-height-default elementor-section-height-default\" data-id=\"67182fee\" data-element_type=\"section\">\n\t\t\t\t\t\t<div class=\"elementor-container elementor-column-gap-default\">\n\t\t\t\t\t<div class=\"elementor-column elementor-col-50 elementor-inner-column elementor-element elementor-element-5e9d6a82\" data-id=\"5e9d6a82\" data-element_type=\"column\">\n\t\t\t<div class=\"elementor-widget-wrap elementor-element-populated\">\n\t\t\t\t\t\t\t\t<div class=\"elementor-element elementor-element-40ff6e7d elementor-widget elementor-widget-heading\" data-id=\"40ff6e7d\" data-element_type=\"widget\" data-widget_type=\"heading.default\">\n\t\t\t\t<div class=\"elementor-widget-container\">\n\t\t\t<style>\/*! elementor - v3.6.5 - 27-04-2022 *\/\n.elementor-heading-title{padding:0;margin:0;line-height:1}.elementor-widget-heading .elementor-heading-title[class*=elementor-size-]>a{color:inherit;font-size:inherit;line-height:inherit}.elementor-widget-heading .elementor-heading-title.elementor-size-small{font-size:15px}.elementor-widget-heading .elementor-heading-title.elementor-size-medium{font-size:19px}.elementor-widget-heading .elementor-heading-title.elementor-size-large{font-size:29px}.elementor-widget-heading .elementor-heading-title.elementor-size-xl{font-size:39px}.elementor-widget-heading .elementor-heading-title.elementor-size-xxl{font-size:59px}<\/style><h4 class=\"elementor-heading-title elementor-size-default\">Caract\u00e9ristiques<\/h4>\t\t<\/div>\n\t\t\t\t<\/div>\n\t\t\t\t<div class=\"elementor-element elementor-element-4b129208 elementor-widget elementor-widget-text-editor\" data-id=\"4b129208\" data-element_type=\"widget\" data-widget_type=\"text-editor.default\">\n\t\t\t\t<div class=\"elementor-widget-container\">\n\t\t\t<style>\/*! elementor - v3.6.5 - 27-04-2022 *\/\n.elementor-widget-text-editor.elementor-drop-cap-view-stacked .elementor-drop-cap{background-color:#818a91;color:#fff}.elementor-widget-text-editor.elementor-drop-cap-view-framed .elementor-drop-cap{color:#818a91;border:3px solid;background-color:transparent}.elementor-widget-text-editor:not(.elementor-drop-cap-view-default) .elementor-drop-cap{margin-top:8px}.elementor-widget-text-editor:not(.elementor-drop-cap-view-default) .elementor-drop-cap-letter{width:1em;height:1em}.elementor-widget-text-editor .elementor-drop-cap{float:left;text-align:center;line-height:1;font-size:50px}.elementor-widget-text-editor .elementor-drop-cap-letter{display:inline-block}<\/style>\t\t\t\tDas Mobile Klimager\u00e4t &#8220;Orion Plus&#8221; ist ein Allzweck-Profi. Es eignet sich nicht nur zum k\u00fchlen, sondern auch zum heizen l\u00fcften und entfeuchten von R\u00e4umen bis zu 30m<sup>2<\/sup>. Gr\u00e2ce aux roulettes pratiques, l'appareil peut \u00eatre mont\u00e9, d\u00e9mont\u00e9 ou d\u00e9plac\u00e9 rapidement. Un tuyau d'\u00e9vacuation d'air adapt\u00e9 et une t\u00e9l\u00e9commande sont inclus dans la livraison.\t\t\t\t\t\t<\/div>\n\t\t\t\t<\/div>\n\t\t\t\t\t<\/div>\n\t\t<\/div>\n\t\t\t\t<div class=\"elementor-column elementor-col-50 elementor-inner-column elementor-element elementor-element-3489cf75\" data-id=\"3489cf75\" data-element_type=\"column\">\n\t\t\t<div class=\"elementor-widget-wrap elementor-element-populated\">\n\t\t\t\t\t\t\t\t<div class=\"elementor-element elementor-element-51b9808a elementor-widget elementor-widget-heading\" data-id=\"51b9808a\" data-element_type=\"widget\" data-widget_type=\"heading.default\">\n\t\t\t\t<div class=\"elementor-widget-container\">\n\t\t\t<h4 class=\"elementor-heading-title elementor-size-default\">Sp\u00e9cification<\/h4>\t\t<\/div>\n\t\t\t\t<\/div>\n\t\t\t\t<div class=\"elementor-element elementor-element-523c376 elementor-widget elementor-widget-text-editor\" data-id=\"523c376\" data-element_type=\"widget\" data-widget_type=\"text-editor.default\">\n\t\t\t\t<div class=\"elementor-widget-container\">\n\t\t\t\t\t\t\t<table class=\"sheet align-center\" style=\"width: 84.3683%;\" width=\"80%\" cellspacing=\"0\" cellpadding=\"4\">\n<tbody>\n<tr class=\"attribute\">\n<td class=\"name\" style=\"width: 37.2948%;\" width=\"50%\">Puissance frigorifique<\/td>\n<td class=\"value\" style=\"width: 24.2148%;\" width=\"25%\">3,4 kW<\/td>\n<\/tr>\n<tr class=\"attribute\">\n<td class=\"name\" style=\"width: 37.2948%;\" width=\"50%\">Classe \u00e9nerg\u00e9tique (r\u00e9frig\u00e9ration)<\/td>\n<td class=\"value\" style=\"width: 24.2148%;\" width=\"25%\">A<\/td>\n<\/tr>\n<tr class=\"attribute\">\n<td class=\"name\" style=\"width: 37.2948%;\" width=\"50%\">Rapport d'efficacit\u00e9 \u00e9nerg\u00e9tique \u00e9valu\u00e9<\/td>\n<td class=\"value\" style=\"width: 24.2148%;\" width=\"25%\">2,6<\/td>\n<\/tr>\n<tr class=\"attribute\">\n<td class=\"name\" style=\"width: 37.2948%;\" width=\"50%\">Consommation d'\u00e9nergie (refroidissement)<\/td>\n<td class=\"value\" style=\"width: 24.2148%;\" width=\"25%\">1,3 kWh \/ 60 min<\/td>\n<\/tr>\n<tr class=\"attribute\">\n<td class=\"name\" style=\"width: 37.2948%;\" width=\"50%\">Puissance de chauffage<\/td>\n<td class=\"value\" style=\"width: 24.2148%;\" width=\"25%\">2,7 kW<\/td>\n<\/tr>\n<tr class=\"attribute\">\n<td class=\"name\" style=\"width: 37.2948%;\" width=\"50%\">Classe d'\u00e9tiquette \u00e9nerg\u00e9tique - Chauffage<\/td>\n<td class=\"value\" style=\"width: 24.2148%;\" width=\"25%\">A +<\/td>\n<\/tr>\n<tr class=\"attribute\">\n<td class=\"name\" style=\"width: 37.2948%;\" width=\"50%\">COP \u00e9valu\u00e9<\/td>\n<td class=\"value\" style=\"width: 24.2148%;\" width=\"25%\">2,80<\/td>\n<\/tr>\n<tr class=\"attribute\">\n<td class=\"name\" style=\"width: 37.2948%;\" width=\"50%\">Consommation d'\u00e9nergie (chauffage)<\/td>\n<td class=\"value\" style=\"width: 24.2148%;\" width=\"25%\">1,0 kWh \/ 60 min<\/td>\n<\/tr>\n<tr class=\"attribute\">\n<td class=\"name\" style=\"width: 37.2948%;\" width=\"50%\">Niveau de puissance sonore (int\u00e9rieur)<\/td>\n<td class=\"value\" style=\"width: 24.2148%;\" width=\"25%\">64 dB (A)<\/td>\n<\/tr>\n<tr class=\"attribute\">\n<td class=\"name\" style=\"width: 37.2948%;\" width=\"50%\">Consommation en mode veille<\/td>\n<td class=\"value\" style=\"width: 24.2148%;\" width=\"25%\">0,38 W.<\/td>\n<\/tr>\n<tr class=\"attribute\">\n<td class=\"name\" style=\"width: 37.2948%;\" width=\"50%\">Puissance de refroidissement maximale (35 \u00b0 C db ; 80% HR)<\/td>\n<td class=\"value\" style=\"width: 24.2148%;\" width=\"25%\">13000 BTU \/ h<\/td>\n<\/tr>\n<tr class=\"attribute\">\n<td class=\"name\" style=\"width: 37.2948%;\" width=\"50%\">Capacit\u00e9 thermique maximale (7 \u00b0 C bs ; 80% ur)<\/td>\n<td class=\"value\" style=\"width: 24.2148%;\" width=\"25%\">10000 BTU \/ h<\/td>\n<\/tr>\n<tr class=\"attribute\">\n<td class=\"name\" style=\"width: 37.2948%;\" width=\"50%\">Ventilateur<\/td>\n<td class=\"value\" style=\"width: 24.2148%;\" width=\"25%\">3 niveaux<\/td>\n<\/tr>\n<tr class=\"attribute\">\n<td class=\"name\" style=\"width: 37.2948%;\" width=\"50%\">Pression sonore min.<\/td>\n<td class=\"value\" style=\"width: 24.2148%;\" width=\"25%\">48 dB (A)<\/td>\n<\/tr>\n<tr class=\"attribute\">\n<td class=\"name\" style=\"width: 37.2948%;\" width=\"50%\">Pression sonore med.<\/td>\n<td class=\"value\" style=\"width: 24.2148%;\" width=\"25%\">50 dB (A)<\/td>\n<\/tr>\n<tr class=\"attribute\">\n<td class=\"name\" style=\"width: 37.2948%;\" width=\"50%\">Pression sonore max.<\/td>\n<td class=\"value\" style=\"width: 24.2148%;\" width=\"25%\">52 dB (A)<\/td>\n<\/tr>\n<tr class=\"attribute\">\n<td class=\"name\" style=\"width: 37.2948%;\" width=\"50%\">Alimentation en \u00e9nergie<\/td>\n<td class=\"value\" style=\"width: 24.2148%;\" width=\"25%\">230\/1\/50 V \/ Ph \/ Hz<\/td>\n<\/tr>\n<tr class=\"attribute\">\n<td class=\"name\" style=\"width: 37.2948%;\" width=\"50%\">R\u00e9frig\u00e9rant<\/td>\n<td class=\"value\" style=\"width: 24.2148%;\" width=\"25%\">R290<\/td>\n<\/tr>\n<tr class=\"attribute\">\n<td class=\"name\" style=\"width: 37.2948%;\" width=\"50%\">R\u00e9frig\u00e9rant GWP<\/td>\n<td class=\"value\" style=\"width: 24.2148%;\" width=\"25%\">3 KG CO2 EQ.<\/td>\n<\/tr>\n<tr class=\"attribute\">\n<td class=\"name\" style=\"width: 37.2948%;\" width=\"50%\">Remplissage de r\u00e9frig\u00e9rant<\/td>\n<td class=\"value\" style=\"width: 24.2148%;\" width=\"25%\">0,21 \/ 0,00063 Kg \/ T CO2 EQ.<\/td>\n<\/tr>\n<tr class=\"attribute\">\n<td class=\"name\" style=\"width: 37.2948%;\" width=\"50%\">Max. D\u00e9shumidification<\/td>\n<td class=\"value\" style=\"width: 24.2148%;\" width=\"25%\">1,25 l \/ h<\/td>\n<\/tr>\n<tr class=\"attribute\">\n<td class=\"name\" style=\"width: 37.2948%;\" width=\"50%\">Max. Courant d'air<\/td>\n<td class=\"value\" style=\"width: 24.2148%;\" width=\"25%\">350 m3 \/ h<\/td>\n<\/tr>\n<tr class=\"attribute\">\n<td class=\"name\" style=\"width: 37.2948%;\" width=\"50%\">Hauteur<\/td>\n<td class=\"value\" style=\"width: 24.2148%;\" width=\"25%\">710 mm<\/td>\n<\/tr>\n<tr class=\"attribute\">\n<td class=\"name\" style=\"width: 37.2948%;\" width=\"50%\">Largeur<\/td>\n<td class=\"value\" style=\"width: 24.2148%;\" width=\"25%\">476 mm<\/td>\n<\/tr>\n<tr class=\"attribute\">\n<td class=\"name\" style=\"width: 37.2948%;\" width=\"50%\">Profondeur<\/td>\n<td class=\"value\" style=\"width: 24.2148%;\" width=\"25%\">385 mm<\/td>\n<\/tr>\n<tr class=\"attribute\">\n<td class=\"name\" style=\"width: 37.2948%;\" width=\"50%\">Poids<\/td>\n<td class=\"value\" style=\"width: 24.2148%;\" width=\"25%\">33,5 kg<\/td>\n<\/tr>\n<tr class=\"attribute\">\n<td class=\"name\" style=\"width: 37.2948%;\" width=\"50%\">Diam\u00e8tre du tuyau flexible<\/td>\n<td class=\"value\" style=\"width: 24.2148%;\" width=\"25%\">140-150 mm<\/td>\n<\/tr>\n<tr class=\"attribute\">\n<td class=\"name\" style=\"width: 37.2948%;\" width=\"50%\">Longueur de tuyau flexible<\/td>\n<td class=\"value\" style=\"width: 24.2148%;\" width=\"25%\">1,5 m<\/td>\n<\/tr>\n<tr class=\"attribute\">\n<td class=\"name\" style=\"width: 37.2948%;\" width=\"50%\">Consommation \u00e9lectrique<\/td>\n<td class=\"value\" style=\"width: 24.2148%;\" width=\"25%\">0,97 (chauffage) \/ 1, 28 kW (refroidissement)<\/td>\n<\/tr>\n<\/tbody>\n<\/table>\t\t\t\t\t\t<\/div>\n\t\t\t\t<\/div>\n\t\t\t\t\t<\/div>\n\t\t<\/div>\n\t\t\t\t\t\t\t<\/div>\n\t\t<\/section>\n\t\t\t\t\t<\/div>\n\t\t<\/div>\n\t\t\t\t\t\t\t<\/div>\n\t\t<\/section>\n\t\t\t\t\t\t\t<\/div>","protected":false},"excerpt":{"rendered":"<p>Orion Daven est un appareil de r\u00e9frig\u00e9ration mobile sur roulettes et offre une puissance de r\u00e9frig\u00e9ration de 3,4 kW. Avec cet appareil, tu peux non seulement refroidir, mais aussi a\u00e9rer, d\u00e9shumidifier et H<\/p>\n<ul>\n<li>Minuteur num\u00e9rique ON \/ OFF ( 24h )<\/li>\n<li>Fonction sommeil<\/li>\n<li>Filtres lavables et faciles \u00e0 retirer<\/li>\n<\/ul>","protected":false},"featured_media":53337,"comment_status":"open","ping_status":"closed","template":"","meta":{"_acf_changed":false},"product_cat":[71],"product_tag":[],"class_list":{"0":"post-52683","1":"product","2":"type-product","3":"status-publish","4":"has-post-thumbnail","6":"product_brand-argo","7":"product_cat-mobile-klimageraete","8":"product_shipping_class-versandkosten","11":"first","12":"instock","13":"sale","14":"taxable","15":"shipping-taxable","16":"purchasable","17":"product-type-simple"},"acf":[],"_links":{"self":[{"href":"https:\/\/klimapingu.ch\/fr\/wp-json\/wp\/v2\/product\/52683","targetHints":{"allow":["GET"]}}],"collection":[{"href":"https:\/\/klimapingu.ch\/fr\/wp-json\/wp\/v2\/product"}],"about":[{"href":"https:\/\/klimapingu.ch\/fr\/wp-json\/wp\/v2\/types\/product"}],"replies":[{"embeddable":true,"href":"https:\/\/klimapingu.ch\/fr\/wp-json\/wp\/v2\/comments?post=52683"}],"version-history":[{"count":17,"href":"https:\/\/klimapingu.ch\/fr\/wp-json\/wp\/v2\/product\/52683\/revisions"}],"predecessor-version":[{"id":59240,"href":"https:\/\/klimapingu.ch\/fr\/wp-json\/wp\/v2\/product\/52683\/revisions\/59240"}],"wp:featuredmedia":[{"embeddable":true,"href":"https:\/\/klimapingu.ch\/fr\/wp-json\/wp\/v2\/media\/53337"}],"wp:attachment":[{"href":"https:\/\/klimapingu.ch\/fr\/wp-json\/wp\/v2\/media?parent=52683"}],"wp:term":[{"taxonomy":"product_cat","embeddable":true,"href":"https:\/\/klimapingu.ch\/fr\/wp-json\/wp\/v2\/product_cat?post=52683"},{"taxonomy":"product_tag","embeddable":true,"href":"https:\/\/klimapingu.ch\/fr\/wp-json\/wp\/v2\/product_tag?post=52683"}],"curies":[{"name":"wp","href":"https:\/\/api.w.org\/{rel}","templated":true}]}}