{"id":52682,"date":"2022-03-29T16:54:13","date_gmt":"2022-03-29T14:54:13","guid":{"rendered":"https:\/\/klimapingu.ch\/?post_type=product&#038;p=52682"},"modified":"2025-03-05T16:17:13","modified_gmt":"2025-03-05T15:17:13","slug":"fral-facsw22","status":"publish","type":"product","link":"https:\/\/klimapingu.ch\/fr\/product\/fral-facsw22\/","title":{"rendered":"FRAL FACSW22"},"content":{"rendered":"<div data-elementor-type=\"wp-post\" data-elementor-id=\"52682\" class=\"elementor elementor-52682\">\n\t\t\t\t\t\t\t\t\t<section class=\"elementor-section elementor-top-section elementor-element elementor-element-751c0c10 elementor-section-boxed elementor-section-height-default elementor-section-height-default\" data-id=\"751c0c10\" data-element_type=\"section\">\n\t\t\t\t\t\t<div class=\"elementor-container elementor-column-gap-default\">\n\t\t\t\t\t<div class=\"elementor-column elementor-col-50 elementor-top-column elementor-element elementor-element-2eb07dc7\" data-id=\"2eb07dc7\" data-element_type=\"column\">\n\t\t\t<div class=\"elementor-widget-wrap elementor-element-populated\">\n\t\t\t\t\t\t\t\t<div class=\"elementor-element elementor-element-65da8b06 elementor-widget elementor-widget-heading\" data-id=\"65da8b06\" data-element_type=\"widget\" data-widget_type=\"heading.default\">\n\t\t\t\t<div class=\"elementor-widget-container\">\n\t\t\t<style>\/*! elementor - v3.6.5 - 27-04-2022 *\/\n.elementor-heading-title{padding:0;margin:0;line-height:1}.elementor-widget-heading .elementor-heading-title[class*=elementor-size-]>a{color:inherit;font-size:inherit;line-height:inherit}.elementor-widget-heading .elementor-heading-title.elementor-size-small{font-size:15px}.elementor-widget-heading .elementor-heading-title.elementor-size-medium{font-size:19px}.elementor-widget-heading .elementor-heading-title.elementor-size-large{font-size:29px}.elementor-widget-heading .elementor-heading-title.elementor-size-xl{font-size:39px}.elementor-widget-heading .elementor-heading-title.elementor-size-xxl{font-size:59px}<\/style><h4 class=\"elementor-heading-title elementor-size-default\">Caract\u00e9ristiques<\/h4>\t\t<\/div>\n\t\t\t\t<\/div>\n\t\t\t\t<div class=\"elementor-element elementor-element-7e28c630 elementor-widget elementor-widget-text-editor\" data-id=\"7e28c630\" data-element_type=\"widget\" data-widget_type=\"text-editor.default\">\n\t\t\t\t<div class=\"elementor-widget-container\">\n\t\t\t<style>\/*! elementor - v3.6.5 - 27-04-2022 *\/\n.elementor-widget-text-editor.elementor-drop-cap-view-stacked .elementor-drop-cap{background-color:#818a91;color:#fff}.elementor-widget-text-editor.elementor-drop-cap-view-framed .elementor-drop-cap{color:#818a91;border:3px solid;background-color:transparent}.elementor-widget-text-editor:not(.elementor-drop-cap-view-default) .elementor-drop-cap{margin-top:8px}.elementor-widget-text-editor:not(.elementor-drop-cap-view-default) .elementor-drop-cap-letter{width:1em;height:1em}.elementor-widget-text-editor .elementor-drop-cap{float:left;text-align:center;line-height:1;font-size:50px}.elementor-widget-text-editor .elementor-drop-cap-letter{display:inline-block}<\/style>\t\t\t\t<p>Le climatiseur mobile FRAL FACSW22 se compose d'une unit\u00e9 int\u00e9rieure et d'une unit\u00e9 ext\u00e9rieure. Gr\u00e2ce \u00e0 des tuyaux flexibles avec des raccords rapides, l'appareil peut \u00eatre utilis\u00e9 rapidement et en de nombreux endroits. Le syst\u00e8me de d\u00e9givrage automatique assure un fonctionnement fiable \u00e0 des temp\u00e9ratures ambiantes allant jusqu'\u00e0 +16\u00b0C. Ce climatiseur mobile est id\u00e9al pour une utilisation dans les bureaux, les cabinets m\u00e9dicaux, les \u00e9v\u00e9nements, les salles de vente et m\u00eame les salles de serveurs.<\/p>\n<p><strong>Autres caract\u00e9ristiques :<\/strong><\/p>\n<ul>\n<li>Utilisation rapide et flexible<\/li>\n<li>Facile \u00e0 monter soi-m\u00eame<\/li>\n<li><span style=\"color: var( --e-global-color-text ); font-family: var( --e-global-typography-text-font-family ), Sans-serif; font-weight: var( --e-global-typography-text-font-weight ); font-size: 1.1rem;\">Temp\u00e9ratures de+16\u00b0C \u00e0 +30\u00b0C<\/span><br><\/li><li>disponible en plus avec 10m, 20m ou 30m de tuyau<\/li>\n<\/ul>\t\t\t\t\t\t<\/div>\n\t\t\t\t<\/div>\n\t\t\t\t\t<\/div>\n\t\t<\/div>\n\t\t\t\t<div class=\"elementor-column elementor-col-50 elementor-top-column elementor-element elementor-element-76c75e1\" data-id=\"76c75e1\" data-element_type=\"column\">\n\t\t\t<div class=\"elementor-widget-wrap elementor-element-populated\">\n\t\t\t\t\t\t\t\t<div class=\"elementor-element elementor-element-496f528d elementor-widget elementor-widget-heading\" data-id=\"496f528d\" data-element_type=\"widget\" data-widget_type=\"heading.default\">\n\t\t\t\t<div class=\"elementor-widget-container\">\n\t\t\t<h4 class=\"elementor-heading-title elementor-size-default\">Sp\u00e9cification<\/h4>\t\t<\/div>\n\t\t\t\t<\/div>\n\t\t\t\t<div class=\"elementor-element elementor-element-df083ed elementor-widget elementor-widget-text-editor\" data-id=\"df083ed\" data-element_type=\"widget\" data-widget_type=\"text-editor.default\">\n\t\t\t\t<div class=\"elementor-widget-container\">\n\t\t\t\t\t\t\t<table><tbody><tr><td style=\"width: 46.8237%;\">Puissance frigorifique<\/td><td style=\"width: 20.1999%;\">6.5 kW<\/td><\/tr><tr><td style=\"width: 46.8237%;\">Unit\u00e9 int\u00e9rieure L x l x H<\/td><td style=\"width: 20.1999%;\">820 x 360 x 1020 mm<\/td><\/tr><tr><td style=\"width: 46.8237%;\">Unit\u00e9 ext\u00e9rieure L x l x H<\/td><td style=\"width: 20.1999%;\">650 x 315 x 505 mm<\/td><\/tr><tr><td style=\"width: 46.8237%;\">Poids de l'unit\u00e9 int\u00e9rieure\/ext\u00e9rieure (remplie)<\/td><td style=\"width: 20.1999%;\">115 \/ 25 kg<\/td><\/tr><tr><td style=\"width: 46.8237%;\">Poids de transport, tuyau inclus<\/td><td style=\"width: 20.1999%;\">155 kg<\/td><\/tr><tr><td style=\"width: 46.8237%;\">Refroidissement de retour<\/td><td style=\"width: 20.1999%;\">M\u00e9lange eau-glycol<\/td><\/tr><tr><td style=\"width: 46.8237%;\">Puissance \u00e9lectrique absorb\u00e9e<\/td><td style=\"width: 20.1999%;\">2.75 kW<\/td><\/tr><tr><td style=\"width: 46.8237%;\">Courant absorb\u00e9<\/td><td style=\"width: 20.1999%;\">Fusible 13 HT A<\/td><\/tr><tr><td style=\"width: 46.8237%;\">Alimentation \u00e9lectrique<\/td><td style=\"width: 20.1999%;\">230 \/ 50 \/ 1 V \/ Hz \/ Ph (Pas de disjoncteur diff\u00e9rentiel)<\/td><\/tr><tr><td style=\"width: 46.8237%;\">Raccordement \u00e9lectrique<\/td><td style=\"width: 20.1999%;\">Prise 230V (sur l'unit\u00e9 int\u00e9rieure)<\/td><\/tr><tr><td style=\"width: 46.8237%;\">Niveau de pression acoustique de l'unit\u00e9 int\u00e9rieure\/ext\u00e9rieure (niveau de ventilation II)<\/td><td style=\"width: 20.1999%;\">49 \/ 52 db(A)<\/td><\/tr><tr><td style=\"width: 46.8237%;\">Longueur max. Diff\u00e9rence de hauteur unit\u00e9 int\u00e9rieure\/ext\u00e9rieure<\/td><td style=\"width: 20.1999%;\">10 m<\/td><\/tr><tr><td style=\"width: 46.8237%;\">Temp\u00e9rature ambiante<\/td><td style=\"width: 20.1999%;\">R\u00e9glable de +16 \u00e0 +30\u00b0C<\/td><\/tr><tr><td style=\"width: 46.8237%;\">Temp\u00e9rature max. Temp\u00e9rature ext\u00e9rieure<\/td><td style=\"width: 20.1999%;\">+32\u00b0C<\/td><\/tr><tr><td style=\"width: 46.8237%;\">Circulation de l'air Unit\u00e9 int\u00e9rieure niveau I\/II\/III<\/td><td style=\"width: 20.1999%;\">1150\/1400\/1500 m\u00b3\/h<\/td><\/tr><tr><td style=\"width: 46.8237%;\">Circulation d'air unit\u00e9 ext\u00e9rieure<\/td><td style=\"width: 20.1999%;\">2100 m\u00b3\/h<\/td><\/tr><tr><td style=\"width: 46.8237%;\">Consommation de courant \u00e0 une temp\u00e9rature ambiante de +26\u00b0C et une temp\u00e9rature ext\u00e9rieure de +30\u00b0C<\/td><td style=\"width: 20.1999%;\">12Amp.(2.7kW)<\/td><\/tr><tr><td style=\"width: 46.8237%;\">Puissance frigorifique \u00e0 temp\u00e9rature ambiante +26\u00b0C et 55%rH et 30\u00b0C de temp\u00e9rature ext\u00e9rieure<\/td><td style=\"width: 20.1999%;\">6650 watts<\/td><\/tr><tr><td style=\"width: 46.8237%;\">(ne doit pas \u00eatre raccord\u00e9 \u00e0 un circuit \u00e9lectrique prot\u00e9g\u00e9 par FI)<\/td><td style=\"width: 20.1999%;\">\u00a0<\/td><\/tr><\/tbody><\/table>\t\t\t\t\t\t<\/div>\n\t\t\t\t<\/div>\n\t\t\t\t\t<\/div>\n\t\t<\/div>\n\t\t\t\t\t\t\t<\/div>\n\t\t<\/section>\n\t\t\t\t<section class=\"elementor-section elementor-top-section elementor-element elementor-element-5cdf279a elementor-section-boxed elementor-section-height-default elementor-section-height-default\" data-id=\"5cdf279a\" data-element_type=\"section\">\n\t\t\t\t\t\t<div class=\"elementor-container elementor-column-gap-default\">\n\t\t\t\t\t<div class=\"elementor-column elementor-col-100 elementor-top-column elementor-element elementor-element-6d8c2aba\" data-id=\"6d8c2aba\" data-element_type=\"column\">\n\t\t\t<div class=\"elementor-widget-wrap elementor-element-populated\">\n\t\t\t\t\t\t\t\t<div class=\"elementor-element elementor-element-3b14d6e8 elementor-widget-divider--view-line elementor-widget elementor-widget-divider\" data-id=\"3b14d6e8\" data-element_type=\"widget\" data-widget_type=\"divider.default\">\n\t\t\t\t<div class=\"elementor-widget-container\">\n\t\t\t<style>\/*! elementor - v3.6.5 - 27-04-2022 *\/\n.elementor-widget-divider{--divider-border-style:none;--divider-border-width:1px;--divider-color:#2c2c2c;--divider-icon-size:20px;--divider-element-spacing:10px;--divider-pattern-height:24px;--divider-pattern-size:20px;--divider-pattern-url:none;--divider-pattern-repeat:repeat-x}.elementor-widget-divider .elementor-divider{display:-webkit-box;display:-ms-flexbox;display:flex}.elementor-widget-divider .elementor-divider__text{font-size:15px;line-height:1;max-width:95%}.elementor-widget-divider .elementor-divider__element{margin:0 var(--divider-element-spacing);-ms-flex-negative:0;flex-shrink:0}.elementor-widget-divider .elementor-icon{font-size:var(--divider-icon-size)}.elementor-widget-divider .elementor-divider-separator{display:-webkit-box;display:-ms-flexbox;display:flex;margin:0;direction:ltr}.elementor-widget-divider--view-line_icon .elementor-divider-separator,.elementor-widget-divider--view-line_text .elementor-divider-separator{-webkit-box-align:center;-ms-flex-align:center;align-items:center}.elementor-widget-divider--view-line_icon .elementor-divider-separator:after,.elementor-widget-divider--view-line_icon .elementor-divider-separator:before,.elementor-widget-divider--view-line_text .elementor-divider-separator:after,.elementor-widget-divider--view-line_text .elementor-divider-separator:before{display:block;content:\"\";border-bottom:0;-webkit-box-flex:1;-ms-flex-positive:1;flex-grow:1;border-top:var(--divider-border-width) var(--divider-border-style) var(--divider-color)}.elementor-widget-divider--element-align-left .elementor-divider .elementor-divider-separator>.elementor-divider__svg:first-of-type{-webkit-box-flex:0;-ms-flex-positive:0;flex-grow:0;-ms-flex-negative:100;flex-shrink:100}.elementor-widget-divider--element-align-left .elementor-divider-separator:before{content:none}.elementor-widget-divider--element-align-left .elementor-divider__element{margin-left:0}.elementor-widget-divider--element-align-right .elementor-divider .elementor-divider-separator>.elementor-divider__svg:last-of-type{-webkit-box-flex:0;-ms-flex-positive:0;flex-grow:0;-ms-flex-negative:100;flex-shrink:100}.elementor-widget-divider--element-align-right .elementor-divider-separator:after{content:none}.elementor-widget-divider--element-align-right .elementor-divider__element{margin-right:0}.elementor-widget-divider:not(.elementor-widget-divider--view-line_text):not(.elementor-widget-divider--view-line_icon) .elementor-divider-separator{border-top:var(--divider-border-width) var(--divider-border-style) var(--divider-color)}.elementor-widget-divider--separator-type-pattern{--divider-border-style:none}.elementor-widget-divider--separator-type-pattern.elementor-widget-divider--view-line .elementor-divider-separator,.elementor-widget-divider--separator-type-pattern:not(.elementor-widget-divider--view-line) .elementor-divider-separator:after,.elementor-widget-divider--separator-type-pattern:not(.elementor-widget-divider--view-line) .elementor-divider-separator:before,.elementor-widget-divider--separator-type-pattern:not([class*=elementor-widget-divider--view]) .elementor-divider-separator{width:100%;min-height:var(--divider-pattern-height);-webkit-mask-size:var(--divider-pattern-size) 100%;mask-size:var(--divider-pattern-size) 100%;-webkit-mask-repeat:var(--divider-pattern-repeat);mask-repeat:var(--divider-pattern-repeat);background-color:var(--divider-color);-webkit-mask-image:var(--divider-pattern-url);mask-image:var(--divider-pattern-url)}.elementor-widget-divider--no-spacing{--divider-pattern-size:auto}.elementor-widget-divider--bg-round{--divider-pattern-repeat:round}.rtl .elementor-widget-divider .elementor-divider__text{direction:rtl}<\/style>\t\t<div class=\"elementor-divider\">\n\t\t\t<span class=\"elementor-divider-separator\">\n\t\t\t\t\t\t<\/span>\n\t\t<\/div>\n\t\t\t\t<\/div>\n\t\t\t\t<\/div>\n\t\t\t\t\t<\/div>\n\t\t<\/div>\n\t\t\t\t\t\t\t<\/div>\n\t\t<\/section>\n\t\t\t\t\t\t\t<\/div>","protected":false},"excerpt":{"rendered":"<p>Climatiseur mobile split<\/p>\n<ul>\n<li>utilisation rapide et flexible<\/li>\n<li>Mobile sur roulettes<\/li>\n<li>Plage de temp\u00e9rature de +16 \u00b0C \u00e0 +30 \u00b0C<\/li>\n<\/ul>","protected":false},"featured_media":53261,"comment_status":"open","ping_status":"closed","template":"","meta":{"_acf_changed":false},"product_cat":[71],"product_tag":[],"class_list":{"0":"post-52682","1":"product","2":"type-product","3":"status-publish","4":"has-post-thumbnail","6":"product_brand-fral","7":"product_cat-mobile-klimageraete","8":"product_shipping_class-montagegeraet","11":"first","12":"instock","13":"taxable","14":"shipping-taxable","15":"purchasable","16":"product-type-variable","17":"has-default-attributes"},"acf":[],"_links":{"self":[{"href":"https:\/\/klimapingu.ch\/fr\/wp-json\/wp\/v2\/product\/52682","targetHints":{"allow":["GET"]}}],"collection":[{"href":"https:\/\/klimapingu.ch\/fr\/wp-json\/wp\/v2\/product"}],"about":[{"href":"https:\/\/klimapingu.ch\/fr\/wp-json\/wp\/v2\/types\/product"}],"replies":[{"embeddable":true,"href":"https:\/\/klimapingu.ch\/fr\/wp-json\/wp\/v2\/comments?post=52682"}],"version-history":[{"count":16,"href":"https:\/\/klimapingu.ch\/fr\/wp-json\/wp\/v2\/product\/52682\/revisions"}],"predecessor-version":[{"id":57469,"href":"https:\/\/klimapingu.ch\/fr\/wp-json\/wp\/v2\/product\/52682\/revisions\/57469"}],"wp:featuredmedia":[{"embeddable":true,"href":"https:\/\/klimapingu.ch\/fr\/wp-json\/wp\/v2\/media\/53261"}],"wp:attachment":[{"href":"https:\/\/klimapingu.ch\/fr\/wp-json\/wp\/v2\/media?parent=52682"}],"wp:term":[{"taxonomy":"product_cat","embeddable":true,"href":"https:\/\/klimapingu.ch\/fr\/wp-json\/wp\/v2\/product_cat?post=52682"},{"taxonomy":"product_tag","embeddable":true,"href":"https:\/\/klimapingu.ch\/fr\/wp-json\/wp\/v2\/product_tag?post=52682"}],"curies":[{"name":"wp","href":"https:\/\/api.w.org\/{rel}","templated":true}]}}