{"id":52681,"date":"2022-03-29T16:54:13","date_gmt":"2022-03-29T14:54:13","guid":{"rendered":"https:\/\/klimapingu.ch\/?post_type=product&#038;p=52681"},"modified":"2025-02-28T16:38:34","modified_gmt":"2025-02-28T15:38:34","slug":"ulisse-13","status":"publish","type":"product","link":"https:\/\/klimapingu.ch\/fr\/product\/ulisse-13\/","title":{"rendered":"ULISSE 13"},"content":{"rendered":"<div data-elementor-type=\"wp-post\" data-elementor-id=\"52681\" class=\"elementor elementor-52681\">\n\t\t\t\t\t\t\t\t\t<section class=\"elementor-section elementor-top-section elementor-element elementor-element-7ae27a24 elementor-section-boxed elementor-section-height-default elementor-section-height-default\" data-id=\"7ae27a24\" data-element_type=\"section\">\n\t\t\t\t\t\t<div class=\"elementor-container elementor-column-gap-default\">\n\t\t\t\t\t<div class=\"elementor-column elementor-col-100 elementor-top-column elementor-element elementor-element-3a9d1bae\" data-id=\"3a9d1bae\" data-element_type=\"column\">\n\t\t\t<div class=\"elementor-widget-wrap elementor-element-populated\">\n\t\t\t\t\t\t\t\t<section class=\"elementor-section elementor-inner-section elementor-element elementor-element-2e3ee37b elementor-section-boxed elementor-section-height-default elementor-section-height-default\" data-id=\"2e3ee37b\" data-element_type=\"section\">\n\t\t\t\t\t\t<div class=\"elementor-container elementor-column-gap-default\">\n\t\t\t\t\t<div class=\"elementor-column elementor-col-50 elementor-inner-column elementor-element elementor-element-5110fd4c\" data-id=\"5110fd4c\" data-element_type=\"column\">\n\t\t\t<div class=\"elementor-widget-wrap elementor-element-populated\">\n\t\t\t\t\t\t\t\t<div class=\"elementor-element elementor-element-5c666d39 elementor-widget elementor-widget-heading\" data-id=\"5c666d39\" data-element_type=\"widget\" data-widget_type=\"heading.default\">\n\t\t\t\t<div class=\"elementor-widget-container\">\n\t\t\t<style>\/*! elementor - v3.6.5 - 27-04-2022 *\/\n.elementor-heading-title{padding:0;margin:0;line-height:1}.elementor-widget-heading .elementor-heading-title[class*=elementor-size-]>a{color:inherit;font-size:inherit;line-height:inherit}.elementor-widget-heading .elementor-heading-title.elementor-size-small{font-size:15px}.elementor-widget-heading .elementor-heading-title.elementor-size-medium{font-size:19px}.elementor-widget-heading .elementor-heading-title.elementor-size-large{font-size:29px}.elementor-widget-heading .elementor-heading-title.elementor-size-xl{font-size:39px}.elementor-widget-heading .elementor-heading-title.elementor-size-xxl{font-size:59px}<\/style><h4 class=\"elementor-heading-title elementor-size-default\">Caract\u00e9ristiques<\/h4>\t\t<\/div>\n\t\t\t\t<\/div>\n\t\t\t\t<div class=\"elementor-element elementor-element-1142c84b elementor-widget elementor-widget-text-editor\" data-id=\"1142c84b\" data-element_type=\"widget\" data-widget_type=\"text-editor.default\">\n\t\t\t\t<div class=\"elementor-widget-container\">\n\t\t\t<style>\/*! elementor - v3.6.5 - 27-04-2022 *\/\n.elementor-widget-text-editor.elementor-drop-cap-view-stacked .elementor-drop-cap{background-color:#818a91;color:#fff}.elementor-widget-text-editor.elementor-drop-cap-view-framed .elementor-drop-cap{color:#818a91;border:3px solid;background-color:transparent}.elementor-widget-text-editor:not(.elementor-drop-cap-view-default) .elementor-drop-cap{margin-top:8px}.elementor-widget-text-editor:not(.elementor-drop-cap-view-default) .elementor-drop-cap-letter{width:1em;height:1em}.elementor-widget-text-editor .elementor-drop-cap{float:left;text-align:center;line-height:1;font-size:50px}.elementor-widget-text-editor .elementor-drop-cap-letter{display:inline-block}<\/style>\t\t\t\t<p>Gr\u00e2ce \u00e0 sa faible profondeur de 24 cm, l'Argo Ulisse 13 est id\u00e9al pour une installation fixe ou mobile au sol. N\u00e9anmoins, l'appareil est top pour des pi\u00e8ces jusqu'\u00e0 180m3 et offre une performance et une dur\u00e9e de vie extr\u00eames.<\/p><p>La t\u00e9l\u00e9commande num\u00e9rique \u00e0 infrarouge offre des fonctions telles que la minuterie programmable 24 heures sur 24, l'abaissement nocturne, la mise en marche du climatiseur, du d\u00e9shumidificateur ou uniquement la ventilation, la r\u00e9gulation num\u00e9rique de la temp\u00e9rature et le contr\u00f4le de la temp\u00e9rature ambiante gr\u00e2ce \u00e0 la sonde de temp\u00e9rature int\u00e9gr\u00e9e. Il est \u00e9galement possible de s\u00e9lectionner trois vitesses par t\u00e9l\u00e9commande, ainsi que la vitesse variable automatique en mode automatique.<\/p><p>Autres caract\u00e9ristiques :<\/p><ul><li>Cordons de liaison prolong\u00e9s<\/li><li>Raccords s\u00e9parables<\/li><li>R\u00e9gulation par onduleur<\/li><li>Compresseur<\/li><li>Tourbillonnement automatique du condensat par condenseur<\/li><li>R\u00e9gulation hivernale int\u00e9gr\u00e9e<\/li><li>Condenseur compact, sp\u00e9cialement con\u00e7u pour les rebords de fen\u00eatre ou les balcons<\/li><li>Double capteur de temp\u00e9rature (t\u00e9l\u00e9commande et unit\u00e9 interne)<\/li><\/ul>\t\t\t\t\t\t<\/div>\n\t\t\t\t<\/div>\n\t\t\t\t\t<\/div>\n\t\t<\/div>\n\t\t\t\t<div class=\"elementor-column elementor-col-50 elementor-inner-column elementor-element elementor-element-3f12ad5e\" data-id=\"3f12ad5e\" data-element_type=\"column\">\n\t\t\t<div class=\"elementor-widget-wrap elementor-element-populated\">\n\t\t\t\t\t\t\t\t<div class=\"elementor-element elementor-element-18a8e4c0 elementor-widget elementor-widget-heading\" data-id=\"18a8e4c0\" data-element_type=\"widget\" data-widget_type=\"heading.default\">\n\t\t\t\t<div class=\"elementor-widget-container\">\n\t\t\t<h4 class=\"elementor-heading-title elementor-size-default\">Sp\u00e9cification<\/h4>\t\t<\/div>\n\t\t\t\t<\/div>\n\t\t\t\t<div class=\"elementor-element elementor-element-87e87b7 elementor-widget elementor-widget-text-editor\" data-id=\"87e87b7\" data-element_type=\"widget\" data-widget_type=\"text-editor.default\">\n\t\t\t\t<div class=\"elementor-widget-container\">\n\t\t\t\t\t\t\t<table class=\"table-product\"><tbody><tr><td>Puissance frigorifique<\/td><td>4\u00a0kW<\/td><\/tr><tr><td>Couleur<\/td><td>BLANC<\/td><\/tr><tr><td>Circulation d'air \u00e0 l'int\u00e9rieur ST3<\/td><td>400\u00a0m\u00b3\/h<\/td><\/tr><tr><td>D\u00e9shumidification<\/td><td>1,90\u00a0l\/h<\/td><\/tr><tr><td>Type de compresseur<\/td><td>INVERTER<\/td><\/tr><tr><td>Type de r\u00e9frig\u00e9rant<\/td><td>R32<\/td><\/tr><tr><td>GWP<\/td><td>675<\/td><\/tr><tr><td>CO2-\u00c4quivalent<\/td><td>0,51\u00a0t<\/td><\/tr><tr><td>Alimentation en tension<\/td><td>230V\/1Ph\/50Hz<\/td><\/tr><tr><td>Leistungsaufnahme K\u00fchlung<\/td><td>1.600\u00a0Watt<\/td><\/tr><tr><td>Courant absorb\u00e9 Refroidissement<\/td><td>7,60\u00a0Amp\u00e8re<\/td><\/tr><tr><td>Pression sonore \u00e0 l'ext\u00e9rieur<\/td><td>42\u00a0dB(A)<\/td><\/tr><tr><td>Pression acoustique int\u00e9rieure ST1<\/td><td>34\u00a0dB(A)<\/td><\/tr><tr><td>Pression acoustique int\u00e9rieure ST3<\/td><td>37\u00a0dB(A)<\/td><\/tr><tr><td>Largeur<\/td><td>580\u00a0mm<\/td><\/tr><tr><td>Profondeur<\/td><td>245\u00a0mm<\/td><\/tr><tr><td>Hauteur<\/td><td>790\u00a0mm<\/td><\/tr><tr><td>Poids<\/td><td>59\u00a0kg<\/td><\/tr><\/tbody><\/table>\t\t\t\t\t\t<\/div>\n\t\t\t\t<\/div>\n\t\t\t\t\t<\/div>\n\t\t<\/div>\n\t\t\t\t\t\t\t<\/div>\n\t\t<\/section>\n\t\t\t\t\t<\/div>\n\t\t<\/div>\n\t\t\t\t\t\t\t<\/div>\n\t\t<\/section>\n\t\t\t\t\t\t\t<\/div>","protected":false},"excerpt":{"rendered":"<p>L'Argo Ulisse 13 est id\u00e9al pour des pi\u00e8ces allant jusqu'\u00e0 180 m3 !<\/p>\n<p>Gr\u00e2ce \u00e0 la conduite de froid reli\u00e9e, l'appareil est tr\u00e8s flexible et peut \u00eatre d\u00e9plac\u00e9 sans probl\u00e8me.<\/p>","protected":false},"featured_media":52705,"comment_status":"open","ping_status":"closed","template":"","meta":{"_acf_changed":false},"product_cat":[71],"product_tag":[],"class_list":{"0":"post-52681","1":"product","2":"type-product","3":"status-publish","4":"has-post-thumbnail","6":"product_brand-argo","7":"product_cat-mobile-klimageraete","8":"product_shipping_class-versandkosten","11":"first","12":"instock","13":"sale","14":"taxable","15":"shipping-taxable","16":"purchasable","17":"product-type-simple"},"acf":[],"_links":{"self":[{"href":"https:\/\/klimapingu.ch\/fr\/wp-json\/wp\/v2\/product\/52681","targetHints":{"allow":["GET"]}}],"collection":[{"href":"https:\/\/klimapingu.ch\/fr\/wp-json\/wp\/v2\/product"}],"about":[{"href":"https:\/\/klimapingu.ch\/fr\/wp-json\/wp\/v2\/types\/product"}],"replies":[{"embeddable":true,"href":"https:\/\/klimapingu.ch\/fr\/wp-json\/wp\/v2\/comments?post=52681"}],"version-history":[{"count":13,"href":"https:\/\/klimapingu.ch\/fr\/wp-json\/wp\/v2\/product\/52681\/revisions"}],"predecessor-version":[{"id":57471,"href":"https:\/\/klimapingu.ch\/fr\/wp-json\/wp\/v2\/product\/52681\/revisions\/57471"}],"wp:featuredmedia":[{"embeddable":true,"href":"https:\/\/klimapingu.ch\/fr\/wp-json\/wp\/v2\/media\/52705"}],"wp:attachment":[{"href":"https:\/\/klimapingu.ch\/fr\/wp-json\/wp\/v2\/media?parent=52681"}],"wp:term":[{"taxonomy":"product_cat","embeddable":true,"href":"https:\/\/klimapingu.ch\/fr\/wp-json\/wp\/v2\/product_cat?post=52681"},{"taxonomy":"product_tag","embeddable":true,"href":"https:\/\/klimapingu.ch\/fr\/wp-json\/wp\/v2\/product_tag?post=52681"}],"curies":[{"name":"wp","href":"https:\/\/api.w.org\/{rel}","templated":true}]}}